{"id":152227,"date":"2025-11-17T12:57:46","date_gmt":"2025-11-17T11:57:46","guid":{"rendered":"https:\/\/www.ernstbrunn-apotheke.at\/katalog\/produkt\/terratherm-handwaermer\/"},"modified":"2025-12-09T11:23:16","modified_gmt":"2025-12-09T10:23:16","slug":"terratherm-handwaermer","status":"publish","type":"product","link":"https:\/\/www.ernstbrunn-apotheke.at\/katalog\/produkt\/terratherm-handwaermer\/","title":{"rendered":"TerraTherm Handw\u00e4rmer"},"content":{"rendered":"<p>Der durch Luft aktivierbaren Fingerw\u00e4rmer funktionieren ganz ohne Strom. Einfach Einweg-Handw\u00e4rmer auspacken, in die Jacken-, Hosentasche oder Handschuhe stecken, bis zu 12 Stunden warme H\u00e4nde genie\u00dfen.<\/p>\n","protected":false},"excerpt":{"rendered":"<p>Der durch Luft aktivierbaren Fingerw\u00e4rmer funktionieren ganz ohne Strom. Einfach Einweg-Handw\u00e4rmer auspacken, in die Jacken-, Hosentasche oder Handschuhe stecken, bis zu 12 Stunden warme H\u00e4nde genie\u00dfen.<\/p>\n","protected":false},"featured_media":152229,"template":"","meta":{"_acf_changed":false},"product_brand":[],"product_cat":[798],"product_tag":[],"class_list":{"0":"post-152227","1":"product","2":"type-product","3":"status-publish","4":"has-post-thumbnail","6":"product_cat-t","7":"pa_packungsgroesse-1-packungen","9":"first","10":"instock","11":"shipping-taxable","12":"purchasable","13":"product-type-simple"},"acf":[],"_links":{"self":[{"href":"https:\/\/www.ernstbrunn-apotheke.at\/katalog\/wp-json\/wp\/v2\/product\/152227","targetHints":{"allow":["GET"]}}],"collection":[{"href":"https:\/\/www.ernstbrunn-apotheke.at\/katalog\/wp-json\/wp\/v2\/product"}],"about":[{"href":"https:\/\/www.ernstbrunn-apotheke.at\/katalog\/wp-json\/wp\/v2\/types\/product"}],"wp:featuredmedia":[{"embeddable":true,"href":"https:\/\/www.ernstbrunn-apotheke.at\/katalog\/wp-json\/wp\/v2\/media\/152229"}],"wp:attachment":[{"href":"https:\/\/www.ernstbrunn-apotheke.at\/katalog\/wp-json\/wp\/v2\/media?parent=152227"}],"wp:term":[{"taxonomy":"product_brand","embeddable":true,"href":"https:\/\/www.ernstbrunn-apotheke.at\/katalog\/wp-json\/wp\/v2\/product_brand?post=152227"},{"taxonomy":"product_cat","embeddable":true,"href":"https:\/\/www.ernstbrunn-apotheke.at\/katalog\/wp-json\/wp\/v2\/product_cat?post=152227"},{"taxonomy":"product_tag","embeddable":true,"href":"https:\/\/www.ernstbrunn-apotheke.at\/katalog\/wp-json\/wp\/v2\/product_tag?post=152227"}],"curies":[{"name":"wp","href":"https:\/\/api.w.org\/{rel}","templated":true}]}}