{"id":152204,"date":"2025-11-17T12:57:17","date_gmt":"2025-11-17T11:57:17","guid":{"rendered":"https:\/\/www.ernstbrunn-apotheke.at\/katalog\/produkt\/st-severin-teebaumoel-salbe-10\/"},"modified":"2025-12-09T11:23:11","modified_gmt":"2025-12-09T10:23:11","slug":"st-severin-teebaumoel-salbe-10","status":"publish","type":"product","link":"https:\/\/www.ernstbrunn-apotheke.at\/katalog\/produkt\/st-severin-teebaumoel-salbe-10\/","title":{"rendered":"St. Severin Teebaum\u00f6l Salbe 10%"},"content":{"rendered":"<p>Die Stammpflanze zur Gewinnung von Teebaum\u00f6l ist Melaleuca alternifolia. Weitere Bezeichnungen f\u00fcr das \u00d6l sind Tea Tree-\u00d6l, Ti-Baum-\u00d6l oder Oleum Melaleucae alternifoliae. Teebaum\u00f6l hat im Allgemeinen ein breites Anwendungsspektrum. Es reicht von Hygiene, Massage, Insektenabwehr bis hin zur Pflege. Teebaum\u00f6l Salbe besteht aus hochwertigem \u00e4therischem Teebaum\u00f6l, das in eine hautfreundliche Salbengrundlage eingearbeitet ist. Die Teebaum\u00f6l Salbe erfrischt, belebt und schafft Wohlbefinden sowie Linderung.<\/p>\n<p>Ingredients:Petrolatum, Melaleuca alternifolia leaf oil<\/p>\n","protected":false},"excerpt":{"rendered":"<p>Die Stammpflanze zur Gewinnung von Teebaum\u00f6l ist Melaleuca alternifolia. Weitere Bezeichnungen f\u00fcr das \u00d6l sind Tea Tree-\u00d6l, Ti-Baum-\u00d6l oder Oleum Melaleucae alternifoliae. Teebaum\u00f6l hat im Allgemeinen ein breites Anwendungsspektrum. Es reicht von Hygiene, Massage, Insektenabwehr bis hin zur Pflege. Teebaum\u00f6l Salbe besteht aus hochwertigem \u00e4therischem Teebaum\u00f6l, das in eine hautfreundliche Salbengrundlage eingearbeitet ist. Die Teebaum\u00f6l [&hellip;]<\/p>\n","protected":false},"featured_media":152206,"template":"","meta":{"_acf_changed":false},"product_brand":[435],"product_cat":[791],"product_tag":[],"class_list":{"0":"post-152204","1":"product","2":"type-product","3":"status-publish","4":"has-post-thumbnail","6":"product_brand-st-severin","7":"product_cat-s","8":"pa_packungsgroesse-50g","10":"first","11":"instock","12":"shipping-taxable","13":"purchasable","14":"product-type-simple"},"acf":[],"_links":{"self":[{"href":"https:\/\/www.ernstbrunn-apotheke.at\/katalog\/wp-json\/wp\/v2\/product\/152204","targetHints":{"allow":["GET"]}}],"collection":[{"href":"https:\/\/www.ernstbrunn-apotheke.at\/katalog\/wp-json\/wp\/v2\/product"}],"about":[{"href":"https:\/\/www.ernstbrunn-apotheke.at\/katalog\/wp-json\/wp\/v2\/types\/product"}],"wp:featuredmedia":[{"embeddable":true,"href":"https:\/\/www.ernstbrunn-apotheke.at\/katalog\/wp-json\/wp\/v2\/media\/152206"}],"wp:attachment":[{"href":"https:\/\/www.ernstbrunn-apotheke.at\/katalog\/wp-json\/wp\/v2\/media?parent=152204"}],"wp:term":[{"taxonomy":"product_brand","embeddable":true,"href":"https:\/\/www.ernstbrunn-apotheke.at\/katalog\/wp-json\/wp\/v2\/product_brand?post=152204"},{"taxonomy":"product_cat","embeddable":true,"href":"https:\/\/www.ernstbrunn-apotheke.at\/katalog\/wp-json\/wp\/v2\/product_cat?post=152204"},{"taxonomy":"product_tag","embeddable":true,"href":"https:\/\/www.ernstbrunn-apotheke.at\/katalog\/wp-json\/wp\/v2\/product_tag?post=152204"}],"curies":[{"name":"wp","href":"https:\/\/api.w.org\/{rel}","templated":true}]}}