{"id":152111,"date":"2025-11-17T12:55:15","date_gmt":"2025-11-17T11:55:15","guid":{"rendered":"https:\/\/www.ernstbrunn-apotheke.at\/katalog\/produkt\/taoasis-baldini-bio-aroma-orangenoel-5-ml\/"},"modified":"2025-12-09T11:22:50","modified_gmt":"2025-12-09T10:22:50","slug":"taoasis-baldini-bio-aroma-orangenoel-5-ml","status":"publish","type":"product","link":"https:\/\/www.ernstbrunn-apotheke.at\/katalog\/produkt\/taoasis-baldini-bio-aroma-orangenoel-5-ml\/","title":{"rendered":"Taoasis Baldini Bio-Aroma Orangen\u00f6l 5 ml"},"content":{"rendered":"<p>Das s\u00fc\u00df fruchtige Aroma von Orange hat die Kraft, bei Nervosit\u00e4t und Stress die Spannung zu nehmen. Nicht nur als praktischer Ersatz f\u00fcr abgeriebene Bio-Orangenschale ist es ein wertvoller Helfer im Haushalt sondern auch als erfrischende Zutat f\u00fcr s\u00fc\u00dfes Geb\u00e4ck, Desserts und Cocktails. Sie passt perfekt zu den klassischen Weihnachtsgew\u00fcrzen Nelke, Vanille und Zimt, harmoniert aber ebenso gut mit Rosmarin und rundet jedes andere Aroma ab und macht es weicher.<\/p>\n","protected":false},"excerpt":{"rendered":"<p>Das s\u00fc\u00df fruchtige Aroma von Orange hat die Kraft, bei Nervosit\u00e4t und Stress die Spannung zu nehmen. Nicht nur als praktischer Ersatz f\u00fcr abgeriebene Bio-Orangenschale ist es ein wertvoller Helfer im Haushalt sondern auch als erfrischende Zutat f\u00fcr s\u00fc\u00dfes Geb\u00e4ck, Desserts und Cocktails. Sie passt perfekt zu den klassischen Weihnachtsgew\u00fcrzen Nelke, Vanille und Zimt, harmoniert [&hellip;]<\/p>\n","protected":false},"featured_media":152113,"template":"","meta":{"_acf_changed":false},"product_brand":[577],"product_cat":[798],"product_tag":[],"class_list":{"0":"post-152111","1":"product","2":"type-product","3":"status-publish","4":"has-post-thumbnail","6":"product_brand-taoasis","7":"product_cat-t","8":"pa_packungsgroesse-5ml","10":"first","11":"instock","12":"shipping-taxable","13":"purchasable","14":"product-type-simple"},"acf":[],"_links":{"self":[{"href":"https:\/\/www.ernstbrunn-apotheke.at\/katalog\/wp-json\/wp\/v2\/product\/152111","targetHints":{"allow":["GET"]}}],"collection":[{"href":"https:\/\/www.ernstbrunn-apotheke.at\/katalog\/wp-json\/wp\/v2\/product"}],"about":[{"href":"https:\/\/www.ernstbrunn-apotheke.at\/katalog\/wp-json\/wp\/v2\/types\/product"}],"wp:featuredmedia":[{"embeddable":true,"href":"https:\/\/www.ernstbrunn-apotheke.at\/katalog\/wp-json\/wp\/v2\/media\/152113"}],"wp:attachment":[{"href":"https:\/\/www.ernstbrunn-apotheke.at\/katalog\/wp-json\/wp\/v2\/media?parent=152111"}],"wp:term":[{"taxonomy":"product_brand","embeddable":true,"href":"https:\/\/www.ernstbrunn-apotheke.at\/katalog\/wp-json\/wp\/v2\/product_brand?post=152111"},{"taxonomy":"product_cat","embeddable":true,"href":"https:\/\/www.ernstbrunn-apotheke.at\/katalog\/wp-json\/wp\/v2\/product_cat?post=152111"},{"taxonomy":"product_tag","embeddable":true,"href":"https:\/\/www.ernstbrunn-apotheke.at\/katalog\/wp-json\/wp\/v2\/product_tag?post=152111"}],"curies":[{"name":"wp","href":"https:\/\/api.w.org\/{rel}","templated":true}]}}