{"id":151841,"date":"2025-11-17T12:50:25","date_gmt":"2025-11-17T11:50:25","guid":{"rendered":"https:\/\/www.ernstbrunn-apotheke.at\/katalog\/produkt\/st-severin-steinkleekraut-salbe\/"},"modified":"2025-12-09T11:21:35","modified_gmt":"2025-12-09T10:21:35","slug":"st-severin-steinkleekraut-salbe","status":"publish","type":"product","link":"https:\/\/www.ernstbrunn-apotheke.at\/katalog\/produkt\/st-severin-steinkleekraut-salbe\/","title":{"rendered":"St. Severin Steinkleekraut Salbe"},"content":{"rendered":"<p>Der Steinklee, auch unter den Namen Honigklee oder B\u00e4renklee bekannt ist, ist eine Pflanzenart aus der Familie der H\u00fclsenfr\u00fcchtler (Fabaceae). Er kann unterst\u00fctzend zur Venenpflege, bei Prellungen, Verstauchungen und oberfl\u00e4chlichen Blut erg\u00fcssen angewendet werden.<\/p>\n<p>Ingredients: Lanolin, Alcohol, Simmondsia Chinensis Seed Oil, Prunus Amygdalus Dulcis Oil, Aqua, Melilotus Officinalis Extract<\/p>\n","protected":false},"excerpt":{"rendered":"<p>Der Steinklee, auch unter den Namen Honigklee oder B\u00e4renklee bekannt ist, ist eine Pflanzenart aus der Familie der H\u00fclsenfr\u00fcchtler (Fabaceae). Er kann unterst\u00fctzend zur Venenpflege, bei Prellungen, Verstauchungen und oberfl\u00e4chlichen Blut erg\u00fcssen angewendet werden. Ingredients: Lanolin, Alcohol, Simmondsia Chinensis Seed Oil, Prunus Amygdalus Dulcis Oil, Aqua, Melilotus Officinalis Extract<\/p>\n","protected":false},"featured_media":151843,"template":"","meta":{"_acf_changed":false},"product_brand":[435],"product_cat":[791],"product_tag":[],"class_list":{"0":"post-151841","1":"product","2":"type-product","3":"status-publish","4":"has-post-thumbnail","6":"product_brand-st-severin","7":"product_cat-s","8":"pa_packungsgroesse-90g","10":"first","11":"instock","12":"shipping-taxable","13":"purchasable","14":"product-type-simple"},"acf":[],"_links":{"self":[{"href":"https:\/\/www.ernstbrunn-apotheke.at\/katalog\/wp-json\/wp\/v2\/product\/151841","targetHints":{"allow":["GET"]}}],"collection":[{"href":"https:\/\/www.ernstbrunn-apotheke.at\/katalog\/wp-json\/wp\/v2\/product"}],"about":[{"href":"https:\/\/www.ernstbrunn-apotheke.at\/katalog\/wp-json\/wp\/v2\/types\/product"}],"wp:featuredmedia":[{"embeddable":true,"href":"https:\/\/www.ernstbrunn-apotheke.at\/katalog\/wp-json\/wp\/v2\/media\/151843"}],"wp:attachment":[{"href":"https:\/\/www.ernstbrunn-apotheke.at\/katalog\/wp-json\/wp\/v2\/media?parent=151841"}],"wp:term":[{"taxonomy":"product_brand","embeddable":true,"href":"https:\/\/www.ernstbrunn-apotheke.at\/katalog\/wp-json\/wp\/v2\/product_brand?post=151841"},{"taxonomy":"product_cat","embeddable":true,"href":"https:\/\/www.ernstbrunn-apotheke.at\/katalog\/wp-json\/wp\/v2\/product_cat?post=151841"},{"taxonomy":"product_tag","embeddable":true,"href":"https:\/\/www.ernstbrunn-apotheke.at\/katalog\/wp-json\/wp\/v2\/product_tag?post=151841"}],"curies":[{"name":"wp","href":"https:\/\/api.w.org\/{rel}","templated":true}]}}