{"id":151761,"date":"2025-11-17T12:48:45","date_gmt":"2025-11-17T11:48:45","guid":{"rendered":"https:\/\/www.ernstbrunn-apotheke.at\/katalog\/produkt\/speick-pflanzenoel-seife-honig-75-g\/"},"modified":"2025-12-09T11:21:15","modified_gmt":"2025-12-09T10:21:15","slug":"speick-pflanzenoel-seife-honig-75-g","status":"publish","type":"product","link":"https:\/\/www.ernstbrunn-apotheke.at\/katalog\/produkt\/speick-pflanzenoel-seife-honig-75-g\/","title":{"rendered":"Speick Pflanzen\u00f6l-Seife Honig 75 g"},"content":{"rendered":"<p>Reine Pflanzen\u00f6l-Seifen des Hauses Walter Rau Speickwerk werden in bew\u00e4hrter Seifensieder-Tradition aus hochwertigen reinen Pflanzen\u00f6len ohne tierische Fette hergestellt. Diese Seifen sind besonders hautmild und geben einen reichen, sahnigen Schaum schon in kaltem oder lauwarmem Wasser. Sie reinigen vorz\u00fcglich und machen die Haut weich und geschmeidig. Sie enthalten eine pflegende Wachscreme und \u00e4therische \u00d6le.<\/p>\n","protected":false},"excerpt":{"rendered":"<p>Reine Pflanzen\u00f6l-Seifen des Hauses Walter Rau Speickwerk werden in bew\u00e4hrter Seifensieder-Tradition aus hochwertigen reinen Pflanzen\u00f6len ohne tierische Fette hergestellt. Diese Seifen sind besonders hautmild und geben einen reichen, sahnigen Schaum schon in kaltem oder lauwarmem Wasser. Sie reinigen vorz\u00fcglich und machen die Haut weich und geschmeidig. Sie enthalten eine pflegende Wachscreme und \u00e4therische \u00d6le.<\/p>\n","protected":false},"featured_media":0,"template":"","meta":{"_acf_changed":false},"product_brand":[],"product_cat":[791],"product_tag":[],"class_list":{"0":"post-151761","1":"product","2":"type-product","3":"status-publish","5":"product_cat-s","6":"pa_packungsgroesse-75g","8":"first","9":"instock","10":"shipping-taxable","11":"purchasable","12":"product-type-simple"},"acf":[],"_links":{"self":[{"href":"https:\/\/www.ernstbrunn-apotheke.at\/katalog\/wp-json\/wp\/v2\/product\/151761","targetHints":{"allow":["GET"]}}],"collection":[{"href":"https:\/\/www.ernstbrunn-apotheke.at\/katalog\/wp-json\/wp\/v2\/product"}],"about":[{"href":"https:\/\/www.ernstbrunn-apotheke.at\/katalog\/wp-json\/wp\/v2\/types\/product"}],"wp:attachment":[{"href":"https:\/\/www.ernstbrunn-apotheke.at\/katalog\/wp-json\/wp\/v2\/media?parent=151761"}],"wp:term":[{"taxonomy":"product_brand","embeddable":true,"href":"https:\/\/www.ernstbrunn-apotheke.at\/katalog\/wp-json\/wp\/v2\/product_brand?post=151761"},{"taxonomy":"product_cat","embeddable":true,"href":"https:\/\/www.ernstbrunn-apotheke.at\/katalog\/wp-json\/wp\/v2\/product_cat?post=151761"},{"taxonomy":"product_tag","embeddable":true,"href":"https:\/\/www.ernstbrunn-apotheke.at\/katalog\/wp-json\/wp\/v2\/product_tag?post=151761"}],"curies":[{"name":"wp","href":"https:\/\/api.w.org\/{rel}","templated":true}]}}