{"id":151759,"date":"2025-11-17T12:48:45","date_gmt":"2025-11-17T11:48:45","guid":{"rendered":"https:\/\/www.ernstbrunn-apotheke.at\/katalog\/produkt\/speick-melos-pflanzenoel-seife-buttermilch-100-g\/"},"modified":"2025-12-09T11:21:14","modified_gmt":"2025-12-09T10:21:14","slug":"speick-melos-pflanzenoel-seife-buttermilch-100-g","status":"publish","type":"product","link":"https:\/\/www.ernstbrunn-apotheke.at\/katalog\/produkt\/speick-melos-pflanzenoel-seife-buttermilch-100-g\/","title":{"rendered":"Speick Melos Pflanzen\u00f6l-Seife Buttermilch 100 g"},"content":{"rendered":"<p>Melos Reine Pflanzen\u00f6l-Seifen werden in bew\u00e4hrter Seifensieder-Tradition aus hochwertigen reinen Pflanzen\u00f6len hergestellt. Sie sind besonders hautmild und geben einen reichen, sahnigen Schaum schon in kaltem oder lauwarmem Wasser. Sie reinigen vorz\u00fcglich und machen die Haut weich und geschmeidig. Melos Reine Pflanzen\u00f6l-Seifen enthalten eine pflegende Wachscreme, Kr\u00e4uterzus\u00e4tze und eine Duftkomposition mit \u00e4therischen \u00d6len. Zudem sind sie 100% frei von Konservierungsstoffen und Rohstoffen auf Mineral\u00f6lbasis.<\/p>\n","protected":false},"excerpt":{"rendered":"<p>Melos Reine Pflanzen\u00f6l-Seifen werden in bew\u00e4hrter Seifensieder-Tradition aus hochwertigen reinen Pflanzen\u00f6len hergestellt. Sie sind besonders hautmild und geben einen reichen, sahnigen Schaum schon in kaltem oder lauwarmem Wasser. Sie reinigen vorz\u00fcglich und machen die Haut weich und geschmeidig. Melos Reine Pflanzen\u00f6l-Seifen enthalten eine pflegende Wachscreme, Kr\u00e4uterzus\u00e4tze und eine Duftkomposition mit \u00e4therischen \u00d6len. Zudem sind sie [&hellip;]<\/p>\n","protected":false},"featured_media":0,"template":"","meta":{"_acf_changed":false},"product_brand":[],"product_cat":[791],"product_tag":[],"class_list":{"0":"post-151759","1":"product","2":"type-product","3":"status-publish","5":"product_cat-s","6":"pa_packungsgroesse-100g","8":"first","9":"instock","10":"shipping-taxable","11":"purchasable","12":"product-type-simple"},"acf":[],"_links":{"self":[{"href":"https:\/\/www.ernstbrunn-apotheke.at\/katalog\/wp-json\/wp\/v2\/product\/151759","targetHints":{"allow":["GET"]}}],"collection":[{"href":"https:\/\/www.ernstbrunn-apotheke.at\/katalog\/wp-json\/wp\/v2\/product"}],"about":[{"href":"https:\/\/www.ernstbrunn-apotheke.at\/katalog\/wp-json\/wp\/v2\/types\/product"}],"wp:attachment":[{"href":"https:\/\/www.ernstbrunn-apotheke.at\/katalog\/wp-json\/wp\/v2\/media?parent=151759"}],"wp:term":[{"taxonomy":"product_brand","embeddable":true,"href":"https:\/\/www.ernstbrunn-apotheke.at\/katalog\/wp-json\/wp\/v2\/product_brand?post=151759"},{"taxonomy":"product_cat","embeddable":true,"href":"https:\/\/www.ernstbrunn-apotheke.at\/katalog\/wp-json\/wp\/v2\/product_cat?post=151759"},{"taxonomy":"product_tag","embeddable":true,"href":"https:\/\/www.ernstbrunn-apotheke.at\/katalog\/wp-json\/wp\/v2\/product_tag?post=151759"}],"curies":[{"name":"wp","href":"https:\/\/api.w.org\/{rel}","templated":true}]}}