{"id":151737,"date":"2025-11-17T12:48:12","date_gmt":"2025-11-17T11:48:12","guid":{"rendered":"https:\/\/www.ernstbrunn-apotheke.at\/katalog\/produkt\/sonnentor-zitronenthymian-gastrodose-klein-60-g-bio\/"},"modified":"2025-12-09T11:21:10","modified_gmt":"2025-12-09T10:21:10","slug":"sonnentor-zitronenthymian-gastrodose-klein-60-g-bio","status":"publish","type":"product","link":"https:\/\/www.ernstbrunn-apotheke.at\/katalog\/produkt\/sonnentor-zitronenthymian-gastrodose-klein-60-g-bio\/","title":{"rendered":"Sonnentor Zitronenthymian Gastrodose klein 60 g  BIO"},"content":{"rendered":"<p>Der Sonnentor Zitronenthymian in der 60 g Gastrodose begeistert mit seinem erfrischend mediterranen und intensiven Geschmackt und zaubert Sie ganz schnell wieder zur\u00fcck in Ihren letzten Urlaub am Mittelmeer. Zitronige, limetten\u00e4hnliche Noten vereint mit dem Aroma des Thymians sind ein wahrlich eleganter Begleiter von Fisch, Gefl\u00fcgel, Gem\u00fcse und mediterranen Salatdressings. Zitronenthymian sollte erst gegen Ende der Garzeit hinzugef\u00fcgt werden, denn seine Aromen verfl\u00fcchtigen sich schnell<\/p>\n","protected":false},"excerpt":{"rendered":"<p>Der Sonnentor Zitronenthymian in der 60 g Gastrodose begeistert mit seinem erfrischend mediterranen und intensiven Geschmackt und zaubert Sie ganz schnell wieder zur\u00fcck in Ihren letzten Urlaub am Mittelmeer. Zitronige, limetten\u00e4hnliche Noten vereint mit dem Aroma des Thymians sind ein wahrlich eleganter Begleiter von Fisch, Gefl\u00fcgel, Gem\u00fcse und mediterranen Salatdressings. Zitronenthymian sollte erst gegen Ende [&hellip;]<\/p>\n","protected":false},"featured_media":151739,"template":"","meta":{"_acf_changed":false},"product_brand":[925],"product_cat":[791],"product_tag":[],"class_list":{"0":"post-151737","1":"product","2":"type-product","3":"status-publish","4":"has-post-thumbnail","6":"product_brand-sonnentor","7":"product_cat-s","8":"pa_packungsgroesse-60g","10":"first","11":"instock","12":"shipping-taxable","13":"purchasable","14":"product-type-simple"},"acf":[],"_links":{"self":[{"href":"https:\/\/www.ernstbrunn-apotheke.at\/katalog\/wp-json\/wp\/v2\/product\/151737","targetHints":{"allow":["GET"]}}],"collection":[{"href":"https:\/\/www.ernstbrunn-apotheke.at\/katalog\/wp-json\/wp\/v2\/product"}],"about":[{"href":"https:\/\/www.ernstbrunn-apotheke.at\/katalog\/wp-json\/wp\/v2\/types\/product"}],"wp:featuredmedia":[{"embeddable":true,"href":"https:\/\/www.ernstbrunn-apotheke.at\/katalog\/wp-json\/wp\/v2\/media\/151739"}],"wp:attachment":[{"href":"https:\/\/www.ernstbrunn-apotheke.at\/katalog\/wp-json\/wp\/v2\/media?parent=151737"}],"wp:term":[{"taxonomy":"product_brand","embeddable":true,"href":"https:\/\/www.ernstbrunn-apotheke.at\/katalog\/wp-json\/wp\/v2\/product_brand?post=151737"},{"taxonomy":"product_cat","embeddable":true,"href":"https:\/\/www.ernstbrunn-apotheke.at\/katalog\/wp-json\/wp\/v2\/product_cat?post=151737"},{"taxonomy":"product_tag","embeddable":true,"href":"https:\/\/www.ernstbrunn-apotheke.at\/katalog\/wp-json\/wp\/v2\/product_tag?post=151737"}],"curies":[{"name":"wp","href":"https:\/\/api.w.org\/{rel}","templated":true}]}}