{"id":151701,"date":"2025-11-17T11:17:27","date_gmt":"2025-11-17T10:17:27","guid":{"rendered":"https:\/\/www.ernstbrunn-apotheke.at\/katalog\/produkt\/sonnentor-frieden-finden-kraeutertee-bio-18-btl\/"},"modified":"2025-12-09T11:21:06","modified_gmt":"2025-12-09T10:21:06","slug":"sonnentor-frieden-finden-kraeutertee-bio-18-btl","status":"publish","type":"product","link":"https:\/\/www.ernstbrunn-apotheke.at\/katalog\/produkt\/sonnentor-frieden-finden-kraeutertee-bio-18-btl\/","title":{"rendered":"Sonnentor Frieden finden Kr\u00e4utertee bio 18 Btl."},"content":{"rendered":"<p>Dein Schluck Seelenfrieden! Die Mischung mit wei\u00dfem Tee, Holunderbl\u00fcten und Zitronenverbene begeistert mit einem blumigen und zitronigen Aromenspiel. Sie harmoniert hervorragend mit allen Pilzgerichten, Couscous und nussigen Desserts. \u00d6ffne dein Herz und hol dir dein pers\u00f6nliches Wunder!<\/p>\n","protected":false},"excerpt":{"rendered":"<p>Dein Schluck Seelenfrieden! Die Mischung mit wei\u00dfem Tee, Holunderbl\u00fcten und Zitronenverbene begeistert mit einem blumigen und zitronigen Aromenspiel. Sie harmoniert hervorragend mit allen Pilzgerichten, Couscous und nussigen Desserts. \u00d6ffne dein Herz und hol dir dein pers\u00f6nliches Wunder!<\/p>\n","protected":false},"featured_media":151703,"template":"","meta":{"_acf_changed":false},"product_brand":[925],"product_cat":[791],"product_tag":[],"class_list":{"0":"post-151701","1":"product","2":"type-product","3":"status-publish","4":"has-post-thumbnail","6":"product_brand-sonnentor","7":"product_cat-s","8":"pa_packungsgroesse-18-beutel","10":"first","11":"instock","12":"shipping-taxable","13":"purchasable","14":"product-type-simple"},"acf":[],"_links":{"self":[{"href":"https:\/\/www.ernstbrunn-apotheke.at\/katalog\/wp-json\/wp\/v2\/product\/151701","targetHints":{"allow":["GET"]}}],"collection":[{"href":"https:\/\/www.ernstbrunn-apotheke.at\/katalog\/wp-json\/wp\/v2\/product"}],"about":[{"href":"https:\/\/www.ernstbrunn-apotheke.at\/katalog\/wp-json\/wp\/v2\/types\/product"}],"wp:featuredmedia":[{"embeddable":true,"href":"https:\/\/www.ernstbrunn-apotheke.at\/katalog\/wp-json\/wp\/v2\/media\/151703"}],"wp:attachment":[{"href":"https:\/\/www.ernstbrunn-apotheke.at\/katalog\/wp-json\/wp\/v2\/media?parent=151701"}],"wp:term":[{"taxonomy":"product_brand","embeddable":true,"href":"https:\/\/www.ernstbrunn-apotheke.at\/katalog\/wp-json\/wp\/v2\/product_brand?post=151701"},{"taxonomy":"product_cat","embeddable":true,"href":"https:\/\/www.ernstbrunn-apotheke.at\/katalog\/wp-json\/wp\/v2\/product_cat?post=151701"},{"taxonomy":"product_tag","embeddable":true,"href":"https:\/\/www.ernstbrunn-apotheke.at\/katalog\/wp-json\/wp\/v2\/product_tag?post=151701"}],"curies":[{"name":"wp","href":"https:\/\/api.w.org\/{rel}","templated":true}]}}