{"id":151681,"date":"2025-11-17T11:17:27","date_gmt":"2025-11-17T10:17:27","guid":{"rendered":"https:\/\/www.ernstbrunn-apotheke.at\/katalog\/produkt\/sonnentor-gruene-neune-tee-lose-bio-kraeutertee-fruechtetee\/"},"modified":"2025-12-09T11:21:05","modified_gmt":"2025-12-09T10:21:05","slug":"sonnentor-gruene-neune-tee-lose-bio-kraeutertee-fruechtetee","status":"publish","type":"product","link":"https:\/\/www.ernstbrunn-apotheke.at\/katalog\/produkt\/sonnentor-gruene-neune-tee-lose-bio-kraeutertee-fruechtetee\/","title":{"rendered":"Sonnentor Gr\u00fcne Neune Tee lose &#8211; Bio Kr\u00e4utertee-Fr\u00fcchtetee"},"content":{"rendered":"<p>Fr\u00fchjahrsblues? Die Kraft von neun Kr\u00e4utern bringt selbst Siebenschl\u00e4fer in Schwung. Die Zahl kommt nicht von ungef\u00e4hr, gilt sie doch als magisch und in der Tradition der Kr\u00e4uterkunde verankert. Unsere Mischung aus Zitronenthymian, Steinklee und Co. leuchtet in einem hellen gr\u00fcn und erfrischt mit einer grasigen Note. F\u00fcr alle Springinkerl und die, die es noch werden wollen.<\/p>\n","protected":false},"excerpt":{"rendered":"<p>Fr\u00fchjahrsblues? Die Kraft von neun Kr\u00e4utern bringt selbst Siebenschl\u00e4fer in Schwung. Die Zahl kommt nicht von ungef\u00e4hr, gilt sie doch als magisch und in der Tradition der Kr\u00e4uterkunde verankert. Unsere Mischung aus Zitronenthymian, Steinklee und Co. leuchtet in einem hellen gr\u00fcn und erfrischt mit einer grasigen Note. F\u00fcr alle Springinkerl und die, die es noch [&hellip;]<\/p>\n","protected":false},"featured_media":151683,"template":"","meta":{"_acf_changed":false},"product_brand":[925],"product_cat":[791],"product_tag":[],"class_list":{"0":"post-151681","1":"product","2":"type-product","3":"status-publish","4":"has-post-thumbnail","6":"product_brand-sonnentor","7":"product_cat-s","8":"pa_packungsgroesse-60g","10":"first","11":"instock","12":"shipping-taxable","13":"purchasable","14":"product-type-simple"},"acf":[],"_links":{"self":[{"href":"https:\/\/www.ernstbrunn-apotheke.at\/katalog\/wp-json\/wp\/v2\/product\/151681","targetHints":{"allow":["GET"]}}],"collection":[{"href":"https:\/\/www.ernstbrunn-apotheke.at\/katalog\/wp-json\/wp\/v2\/product"}],"about":[{"href":"https:\/\/www.ernstbrunn-apotheke.at\/katalog\/wp-json\/wp\/v2\/types\/product"}],"wp:featuredmedia":[{"embeddable":true,"href":"https:\/\/www.ernstbrunn-apotheke.at\/katalog\/wp-json\/wp\/v2\/media\/151683"}],"wp:attachment":[{"href":"https:\/\/www.ernstbrunn-apotheke.at\/katalog\/wp-json\/wp\/v2\/media?parent=151681"}],"wp:term":[{"taxonomy":"product_brand","embeddable":true,"href":"https:\/\/www.ernstbrunn-apotheke.at\/katalog\/wp-json\/wp\/v2\/product_brand?post=151681"},{"taxonomy":"product_cat","embeddable":true,"href":"https:\/\/www.ernstbrunn-apotheke.at\/katalog\/wp-json\/wp\/v2\/product_cat?post=151681"},{"taxonomy":"product_tag","embeddable":true,"href":"https:\/\/www.ernstbrunn-apotheke.at\/katalog\/wp-json\/wp\/v2\/product_tag?post=151681"}],"curies":[{"name":"wp","href":"https:\/\/api.w.org\/{rel}","templated":true}]}}