{"id":15144,"date":"2025-11-07T18:04:20","date_gmt":"2025-11-07T17:04:20","guid":{"rendered":"https:\/\/www.ernstbrunn-apotheke.at\/katalog\/produkt\/arlberger-pectatussan-brustbalsam-50-g\/"},"modified":"2025-12-08T13:50:30","modified_gmt":"2025-12-08T12:50:30","slug":"arlberger-pectatussan-brustbalsam-50-g","status":"publish","type":"product","link":"https:\/\/www.ernstbrunn-apotheke.at\/katalog\/produkt\/arlberger-pectatussan-brustbalsam-50-g\/","title":{"rendered":"Arlberger Pectatussan Brustbalsam 50 g"},"content":{"rendered":"<p>Jeder kennt seit Kindheitstagen den guten Geruch der verschiedenen Produkte, die in der Erk\u00e4ltungszeit auf die Brust aufgetragen werden.<br \/>Wir haben die nat\u00fcrliche Alternative f\u00fcr Erwachsene und Kinder ab drei Jahren entwickelt &#8211; gleiche Wirksamkeit aufgrund gleicher Wirkstoffe (reines Eukalyptus\u00f6l, Menthol, Kampfer), aber auf rein pflanzlicher Basis und mit ungebleichtem Bienenwachs.<br \/>Dabei wird bei der Herstellung g\u00e4nzlich auf Mineral\u00f6le, Parabene, Farb- und Konservierungsmittel verzichtet.<\/p>\n<p>&#13;<\/p>\n<p>\u00a0<\/p>\n<p>&#13;<\/p>\n<p><strong>Wirkung<\/strong><\/p>\n<p>&#13;<\/p>\n<p>Durch Eukalyptus\u00f6l, Menthol und Kampfer werden die Atemwege befreit. Dadurch l\u00e4sst sich eine Erk\u00e4ltung leichter ertragen und in der Nacht besser durchschlafen, was die Genesung unterst\u00fctzt.<\/p>\n","protected":false},"excerpt":{"rendered":"<p>Jeder kennt seit Kindheitstagen den guten Geruch der verschiedenen Produkte, die in der Erk\u00e4ltungszeit auf die Brust aufgetragen werden.Wir haben die nat\u00fcrliche Alternative f\u00fcr Erwachsene und Kinder ab drei Jahren entwickelt &#8211; gleiche Wirksamkeit aufgrund gleicher Wirkstoffe (reines Eukalyptus\u00f6l, Menthol, Kampfer), aber auf rein pflanzlicher Basis und mit ungebleichtem Bienenwachs.Dabei wird bei der Herstellung g\u00e4nzlich [&hellip;]<\/p>\n","protected":false},"featured_media":15146,"template":"","meta":{"_acf_changed":false},"product_brand":[],"product_cat":[801],"product_tag":[],"class_list":{"0":"post-15144","1":"product","2":"type-product","3":"status-publish","4":"has-post-thumbnail","6":"product_cat-a","7":"pa_packungsgroesse-50g","9":"first","10":"instock","11":"shipping-taxable","12":"purchasable","13":"product-type-simple"},"acf":[],"_links":{"self":[{"href":"https:\/\/www.ernstbrunn-apotheke.at\/katalog\/wp-json\/wp\/v2\/product\/15144","targetHints":{"allow":["GET"]}}],"collection":[{"href":"https:\/\/www.ernstbrunn-apotheke.at\/katalog\/wp-json\/wp\/v2\/product"}],"about":[{"href":"https:\/\/www.ernstbrunn-apotheke.at\/katalog\/wp-json\/wp\/v2\/types\/product"}],"wp:featuredmedia":[{"embeddable":true,"href":"https:\/\/www.ernstbrunn-apotheke.at\/katalog\/wp-json\/wp\/v2\/media\/15146"}],"wp:attachment":[{"href":"https:\/\/www.ernstbrunn-apotheke.at\/katalog\/wp-json\/wp\/v2\/media?parent=15144"}],"wp:term":[{"taxonomy":"product_brand","embeddable":true,"href":"https:\/\/www.ernstbrunn-apotheke.at\/katalog\/wp-json\/wp\/v2\/product_brand?post=15144"},{"taxonomy":"product_cat","embeddable":true,"href":"https:\/\/www.ernstbrunn-apotheke.at\/katalog\/wp-json\/wp\/v2\/product_cat?post=15144"},{"taxonomy":"product_tag","embeddable":true,"href":"https:\/\/www.ernstbrunn-apotheke.at\/katalog\/wp-json\/wp\/v2\/product_tag?post=15144"}],"curies":[{"name":"wp","href":"https:\/\/api.w.org\/{rel}","templated":true}]}}