{"id":151318,"date":"2025-11-17T11:09:42","date_gmt":"2025-11-17T10:09:42","guid":{"rendered":"https:\/\/www.ernstbrunn-apotheke.at\/katalog\/produkt\/sanoll-edelstein-deo-fresh-100-ml\/"},"modified":"2025-12-09T11:19:41","modified_gmt":"2025-12-09T10:19:41","slug":"sanoll-edelstein-deo-fresh-100-ml","status":"publish","type":"product","link":"https:\/\/www.ernstbrunn-apotheke.at\/katalog\/produkt\/sanoll-edelstein-deo-fresh-100-ml\/","title":{"rendered":"Sanoll Edelstein Deo Fresh 100 ml"},"content":{"rendered":"<p>Sanoll Edelstein-Deospray Fresh unterst\u00fctzt die Haut bei ihren wichtigen Funktionen. K\u00fchle Frische und zuverl\u00e4ssige Sicherheit den ganzen Tag! Zwei bis drei Pumpst\u00f6\u00dfe auf die frisch gereinigte Haut spr\u00fchen.<\/p>\n","protected":false},"excerpt":{"rendered":"<p>Sanoll Edelstein-Deospray Fresh unterst\u00fctzt die Haut bei ihren wichtigen Funktionen. K\u00fchle Frische und zuverl\u00e4ssige Sicherheit den ganzen Tag! Zwei bis drei Pumpst\u00f6\u00dfe auf die frisch gereinigte Haut spr\u00fchen.<\/p>\n","protected":false},"featured_media":0,"template":"","meta":{"_acf_changed":false},"product_brand":[1311],"product_cat":[791],"product_tag":[],"class_list":{"0":"post-151318","1":"product","2":"type-product","3":"status-publish","5":"product_brand-sanoll","6":"product_cat-s","7":"pa_packungsgroesse-100ml","9":"first","10":"instock","11":"shipping-taxable","12":"purchasable","13":"product-type-simple"},"acf":[],"_links":{"self":[{"href":"https:\/\/www.ernstbrunn-apotheke.at\/katalog\/wp-json\/wp\/v2\/product\/151318","targetHints":{"allow":["GET"]}}],"collection":[{"href":"https:\/\/www.ernstbrunn-apotheke.at\/katalog\/wp-json\/wp\/v2\/product"}],"about":[{"href":"https:\/\/www.ernstbrunn-apotheke.at\/katalog\/wp-json\/wp\/v2\/types\/product"}],"wp:attachment":[{"href":"https:\/\/www.ernstbrunn-apotheke.at\/katalog\/wp-json\/wp\/v2\/media?parent=151318"}],"wp:term":[{"taxonomy":"product_brand","embeddable":true,"href":"https:\/\/www.ernstbrunn-apotheke.at\/katalog\/wp-json\/wp\/v2\/product_brand?post=151318"},{"taxonomy":"product_cat","embeddable":true,"href":"https:\/\/www.ernstbrunn-apotheke.at\/katalog\/wp-json\/wp\/v2\/product_cat?post=151318"},{"taxonomy":"product_tag","embeddable":true,"href":"https:\/\/www.ernstbrunn-apotheke.at\/katalog\/wp-json\/wp\/v2\/product_tag?post=151318"}],"curies":[{"name":"wp","href":"https:\/\/api.w.org\/{rel}","templated":true}]}}