{"id":15123,"date":"2025-11-07T18:04:20","date_gmt":"2025-11-07T17:04:20","guid":{"rendered":"https:\/\/www.ernstbrunn-apotheke.at\/katalog\/produkt\/pari-inhalation-mucoclear-80-ml-006-20-x-4-ml\/"},"modified":"2025-12-08T13:50:25","modified_gmt":"2025-12-08T12:50:25","slug":"pari-inhalation-mucoclear-80-ml-006-20-x-4-ml","status":"publish","type":"product","link":"https:\/\/www.ernstbrunn-apotheke.at\/katalog\/produkt\/pari-inhalation-mucoclear-80-ml-006-20-x-4-ml\/","title":{"rendered":"Pari Inhalation Mucoclear 80 ml 0,06 20 x 4 ml"},"content":{"rendered":"<p>Seit \u00fcber 100 Jahren bietet PARI mit effizienten und zuverl\u00e4ssigen Inhalationsger\u00e4ten passende L\u00f6sungen f\u00fcr Menschen, die unter Atemwegserkrankungen leiden. Zielgerichtet und auf die verschiedenen Altersgruppen und Wirkorte abgestimmt sind die Medizinprodukte von PARI wirkungsvolle Hilfsmittel f\u00fcr die Diagnose und Therapie vielf\u00e4ltigster Krankheitsbilder und Beschwerden.<\/p>\n","protected":false},"excerpt":{"rendered":"<p>Seit \u00fcber 100 Jahren bietet PARI mit effizienten und zuverl\u00e4ssigen Inhalationsger\u00e4ten passende L\u00f6sungen f\u00fcr Menschen, die unter Atemwegserkrankungen leiden. Zielgerichtet und auf die verschiedenen Altersgruppen und Wirkorte abgestimmt sind die Medizinprodukte von PARI wirkungsvolle Hilfsmittel f\u00fcr die Diagnose und Therapie vielf\u00e4ltigster Krankheitsbilder und Beschwerden.<\/p>\n","protected":false},"featured_media":15125,"template":"","meta":{"_acf_changed":false},"product_brand":[],"product_cat":[793],"product_tag":[],"class_list":{"0":"post-15123","1":"product","2":"type-product","3":"status-publish","4":"has-post-thumbnail","6":"product_cat-p","7":"pa_packungsgroesse-20-stueck","9":"first","10":"instock","11":"shipping-taxable","12":"purchasable","13":"product-type-simple"},"acf":[],"_links":{"self":[{"href":"https:\/\/www.ernstbrunn-apotheke.at\/katalog\/wp-json\/wp\/v2\/product\/15123","targetHints":{"allow":["GET"]}}],"collection":[{"href":"https:\/\/www.ernstbrunn-apotheke.at\/katalog\/wp-json\/wp\/v2\/product"}],"about":[{"href":"https:\/\/www.ernstbrunn-apotheke.at\/katalog\/wp-json\/wp\/v2\/types\/product"}],"wp:featuredmedia":[{"embeddable":true,"href":"https:\/\/www.ernstbrunn-apotheke.at\/katalog\/wp-json\/wp\/v2\/media\/15125"}],"wp:attachment":[{"href":"https:\/\/www.ernstbrunn-apotheke.at\/katalog\/wp-json\/wp\/v2\/media?parent=15123"}],"wp:term":[{"taxonomy":"product_brand","embeddable":true,"href":"https:\/\/www.ernstbrunn-apotheke.at\/katalog\/wp-json\/wp\/v2\/product_brand?post=15123"},{"taxonomy":"product_cat","embeddable":true,"href":"https:\/\/www.ernstbrunn-apotheke.at\/katalog\/wp-json\/wp\/v2\/product_cat?post=15123"},{"taxonomy":"product_tag","embeddable":true,"href":"https:\/\/www.ernstbrunn-apotheke.at\/katalog\/wp-json\/wp\/v2\/product_tag?post=15123"}],"curies":[{"name":"wp","href":"https:\/\/api.w.org\/{rel}","templated":true}]}}