{"id":151194,"date":"2025-11-17T11:06:37","date_gmt":"2025-11-17T10:06:37","guid":{"rendered":"https:\/\/www.ernstbrunn-apotheke.at\/katalog\/produkt\/st-severin-salicylvaseline-2-salbe\/"},"modified":"2025-12-09T11:19:11","modified_gmt":"2025-12-09T10:19:11","slug":"st-severin-salicylvaseline-2-salbe","status":"publish","type":"product","link":"https:\/\/www.ernstbrunn-apotheke.at\/katalog\/produkt\/st-severin-salicylvaseline-2-salbe\/","title":{"rendered":"St. Severin Salicylvaseline 2% Salbe"},"content":{"rendered":"<p>Salicylvaseline ist eine Salbe auf Vaselinebasis, welche den Wirkstoff Salicyls\u00e4ure enth\u00e4lt. Sie hat hornhautaufl\u00f6sende, antibakterielle und antimykotische Eigenschaften. Durch die beschleunigte Abschuppung wird die Haut auch zu einer schnelleren Erneuerung angeregt. Anwendung findet die Salicylvaseline daher f\u00fcr die Behandlung von Hyperkeratosen, Akne, Schuppenflechte, Warzen und H\u00fchneraugen. Die Salbe sollte ein- bis zweimal t\u00e4glich kleinfl\u00e4chig aufgetragen werden.<\/p>\n<p>\u00a0<\/p>\n","protected":false},"excerpt":{"rendered":"<p>Salicylvaseline ist eine Salbe auf Vaselinebasis, welche den Wirkstoff Salicyls\u00e4ure enth\u00e4lt. Sie hat hornhautaufl\u00f6sende, antibakterielle und antimykotische Eigenschaften. Durch die beschleunigte Abschuppung wird die Haut auch zu einer schnelleren Erneuerung angeregt. Anwendung findet die Salicylvaseline daher f\u00fcr die Behandlung von Hyperkeratosen, Akne, Schuppenflechte, Warzen und H\u00fchneraugen. Die Salbe sollte ein- bis zweimal t\u00e4glich kleinfl\u00e4chig aufgetragen [&hellip;]<\/p>\n","protected":false},"featured_media":151196,"template":"","meta":{"_acf_changed":false},"product_brand":[435],"product_cat":[791],"product_tag":[],"class_list":{"0":"post-151194","1":"product","2":"type-product","3":"status-publish","4":"has-post-thumbnail","6":"product_brand-st-severin","7":"product_cat-s","8":"pa_packungsgroesse-50g","10":"first","11":"instock","12":"shipping-taxable","13":"purchasable","14":"product-type-simple"},"acf":[],"_links":{"self":[{"href":"https:\/\/www.ernstbrunn-apotheke.at\/katalog\/wp-json\/wp\/v2\/product\/151194","targetHints":{"allow":["GET"]}}],"collection":[{"href":"https:\/\/www.ernstbrunn-apotheke.at\/katalog\/wp-json\/wp\/v2\/product"}],"about":[{"href":"https:\/\/www.ernstbrunn-apotheke.at\/katalog\/wp-json\/wp\/v2\/types\/product"}],"wp:featuredmedia":[{"embeddable":true,"href":"https:\/\/www.ernstbrunn-apotheke.at\/katalog\/wp-json\/wp\/v2\/media\/151196"}],"wp:attachment":[{"href":"https:\/\/www.ernstbrunn-apotheke.at\/katalog\/wp-json\/wp\/v2\/media?parent=151194"}],"wp:term":[{"taxonomy":"product_brand","embeddable":true,"href":"https:\/\/www.ernstbrunn-apotheke.at\/katalog\/wp-json\/wp\/v2\/product_brand?post=151194"},{"taxonomy":"product_cat","embeddable":true,"href":"https:\/\/www.ernstbrunn-apotheke.at\/katalog\/wp-json\/wp\/v2\/product_cat?post=151194"},{"taxonomy":"product_tag","embeddable":true,"href":"https:\/\/www.ernstbrunn-apotheke.at\/katalog\/wp-json\/wp\/v2\/product_tag?post=151194"}],"curies":[{"name":"wp","href":"https:\/\/api.w.org\/{rel}","templated":true}]}}