{"id":15105,"date":"2025-11-07T18:04:20","date_gmt":"2025-11-07T17:04:20","guid":{"rendered":"https:\/\/www.ernstbrunn-apotheke.at\/katalog\/produkt\/pectatussan-brust-balsam-baby-50-g\/"},"modified":"2025-12-08T13:50:21","modified_gmt":"2025-12-08T12:50:21","slug":"pectatussan-brust-balsam-baby-50-g","status":"publish","type":"product","link":"https:\/\/www.ernstbrunn-apotheke.at\/katalog\/produkt\/pectatussan-brust-balsam-baby-50-g\/","title":{"rendered":"Pectatussan Brust Balsam Baby 50 g"},"content":{"rendered":"<p>Pectatussan Brust Balsam Baby ist ein Brustbalsam speziell f\u00fcr Babies, welcher Anspr\u00fcchen eines kleinen und noch empfindlichen Menschen absolut gerecht wird. Durch seine milden und doch wirksamen Eigenschaften ist er der ideale Begleiter durch die feuchtkalte Winterzeit F\u00fcr Babies ab 6 Monaten, mit wohltuendem Thymian\u00f6l zum Auftragen auf Brust, Hals und R\u00fccken. Ohne Menthol, mineral\u00f6lfrei, parabenefrei. 100% nat\u00fcrliche Inhaltsstoffe.<\/p>\n","protected":false},"excerpt":{"rendered":"<p>Pectatussan Brust Balsam Baby ist ein Brustbalsam speziell f\u00fcr Babies, welcher Anspr\u00fcchen eines kleinen und noch empfindlichen Menschen absolut gerecht wird. Durch seine milden und doch wirksamen Eigenschaften ist er der ideale Begleiter durch die feuchtkalte Winterzeit F\u00fcr Babies ab 6 Monaten, mit wohltuendem Thymian\u00f6l zum Auftragen auf Brust, Hals und R\u00fccken. Ohne Menthol, mineral\u00f6lfrei, [&hellip;]<\/p>\n","protected":false},"featured_media":15107,"template":"","meta":{"_acf_changed":false},"product_brand":[],"product_cat":[793],"product_tag":[],"class_list":{"0":"post-15105","1":"product","2":"type-product","3":"status-publish","4":"has-post-thumbnail","6":"product_cat-p","7":"pa_packungsgroesse-50g","9":"first","10":"instock","11":"shipping-taxable","12":"purchasable","13":"product-type-simple"},"acf":[],"_links":{"self":[{"href":"https:\/\/www.ernstbrunn-apotheke.at\/katalog\/wp-json\/wp\/v2\/product\/15105","targetHints":{"allow":["GET"]}}],"collection":[{"href":"https:\/\/www.ernstbrunn-apotheke.at\/katalog\/wp-json\/wp\/v2\/product"}],"about":[{"href":"https:\/\/www.ernstbrunn-apotheke.at\/katalog\/wp-json\/wp\/v2\/types\/product"}],"wp:featuredmedia":[{"embeddable":true,"href":"https:\/\/www.ernstbrunn-apotheke.at\/katalog\/wp-json\/wp\/v2\/media\/15107"}],"wp:attachment":[{"href":"https:\/\/www.ernstbrunn-apotheke.at\/katalog\/wp-json\/wp\/v2\/media?parent=15105"}],"wp:term":[{"taxonomy":"product_brand","embeddable":true,"href":"https:\/\/www.ernstbrunn-apotheke.at\/katalog\/wp-json\/wp\/v2\/product_brand?post=15105"},{"taxonomy":"product_cat","embeddable":true,"href":"https:\/\/www.ernstbrunn-apotheke.at\/katalog\/wp-json\/wp\/v2\/product_cat?post=15105"},{"taxonomy":"product_tag","embeddable":true,"href":"https:\/\/www.ernstbrunn-apotheke.at\/katalog\/wp-json\/wp\/v2\/product_tag?post=15105"}],"curies":[{"name":"wp","href":"https:\/\/api.w.org\/{rel}","templated":true}]}}