{"id":15101,"date":"2025-11-07T18:03:16","date_gmt":"2025-11-07T17:03:16","guid":{"rendered":"https:\/\/www.ernstbrunn-apotheke.at\/katalog\/produkt\/arlberger-pectatussan-hustensirup-100-ml\/"},"modified":"2025-12-08T13:50:20","modified_gmt":"2025-12-08T12:50:20","slug":"arlberger-pectatussan-hustensirup-100-ml","status":"publish","type":"product","link":"https:\/\/www.ernstbrunn-apotheke.at\/katalog\/produkt\/arlberger-pectatussan-hustensirup-100-ml\/","title":{"rendered":"Arlberger Pectatussan Hustensirup 100 ml"},"content":{"rendered":"<p>Wohlschmeckender Hustensirup mit den nat\u00fcrlichen Extrakten aus\u00a0<a href=\"https:\/\/www.bano.at\/de\/w\/thymian\">Thymian<\/a>\u00a0und Primel zur Linderung des Hustens.<\/p>\n<p>&#13;<\/p>\n<p>Durch die nat\u00fcrlichen und alkohol- und zuckerfreien Inhaltsstoffe ist der Arlberger Pectatussan Hustensirup auch bestens f\u00fcr Kinder ab 3 Jahren geeignet.<\/p>\n<p>&#13;<\/p>\n<p>\u00a0<\/p>\n<p>&#13;<\/p>\n<p><strong>Pectatussan Hustensirup als Schleiml\u00f6ser<\/strong><\/p>\n<p>&#13;<\/p>\n<p>Thymian und Primelwurzel werden wegen ihrer wohltuenden und befreienden Wirkung auf die Atemwege schon seit Generationen gerne verwendet.<\/p>\n<p>&#13;<\/p>\n<p>W\u00e4hrend die Primel die Bronchialschleimh\u00e4ute dazu anregt mehr Schleim zu produzieren, was zu einer Erleichterung des Abhustens f\u00fchrt, sorgt der Thymian f\u00fcr eine hustenlindernde und schleiml\u00f6sende Wirkung.<\/p>\n","protected":false},"excerpt":{"rendered":"<p>Wohlschmeckender Hustensirup mit den nat\u00fcrlichen Extrakten aus\u00a0Thymian\u00a0und Primel zur Linderung des Hustens. &#13; Durch die nat\u00fcrlichen und alkohol- und zuckerfreien Inhaltsstoffe ist der Arlberger Pectatussan Hustensirup auch bestens f\u00fcr Kinder ab 3 Jahren geeignet. &#13; \u00a0 &#13; Pectatussan Hustensirup als Schleiml\u00f6ser &#13; Thymian und Primelwurzel werden wegen ihrer wohltuenden und befreienden Wirkung auf die Atemwege [&hellip;]<\/p>\n","protected":false},"featured_media":15103,"template":"","meta":{"_acf_changed":false},"product_brand":[],"product_cat":[801],"product_tag":[],"class_list":{"0":"post-15101","1":"product","2":"type-product","3":"status-publish","4":"has-post-thumbnail","6":"product_cat-a","7":"pa_packungsgroesse-100ml","9":"first","10":"instock","11":"shipping-taxable","12":"purchasable","13":"product-type-simple"},"acf":[],"_links":{"self":[{"href":"https:\/\/www.ernstbrunn-apotheke.at\/katalog\/wp-json\/wp\/v2\/product\/15101","targetHints":{"allow":["GET"]}}],"collection":[{"href":"https:\/\/www.ernstbrunn-apotheke.at\/katalog\/wp-json\/wp\/v2\/product"}],"about":[{"href":"https:\/\/www.ernstbrunn-apotheke.at\/katalog\/wp-json\/wp\/v2\/types\/product"}],"wp:featuredmedia":[{"embeddable":true,"href":"https:\/\/www.ernstbrunn-apotheke.at\/katalog\/wp-json\/wp\/v2\/media\/15103"}],"wp:attachment":[{"href":"https:\/\/www.ernstbrunn-apotheke.at\/katalog\/wp-json\/wp\/v2\/media?parent=15101"}],"wp:term":[{"taxonomy":"product_brand","embeddable":true,"href":"https:\/\/www.ernstbrunn-apotheke.at\/katalog\/wp-json\/wp\/v2\/product_brand?post=15101"},{"taxonomy":"product_cat","embeddable":true,"href":"https:\/\/www.ernstbrunn-apotheke.at\/katalog\/wp-json\/wp\/v2\/product_cat?post=15101"},{"taxonomy":"product_tag","embeddable":true,"href":"https:\/\/www.ernstbrunn-apotheke.at\/katalog\/wp-json\/wp\/v2\/product_tag?post=15101"}],"curies":[{"name":"wp","href":"https:\/\/api.w.org\/{rel}","templated":true}]}}