{"id":150910,"date":"2025-11-17T11:00:28","date_gmt":"2025-11-17T10:00:28","guid":{"rendered":"https:\/\/www.ernstbrunn-apotheke.at\/katalog\/produkt\/retterspitz-hautoel-200-ml\/"},"modified":"2025-12-09T11:18:02","modified_gmt":"2025-12-09T10:18:02","slug":"retterspitz-hautoel-200-ml","status":"publish","type":"product","link":"https:\/\/www.ernstbrunn-apotheke.at\/katalog\/produkt\/retterspitz-hautoel-200-ml\/","title":{"rendered":"Retterspitz Haut\u00f6l 200 ml"},"content":{"rendered":"<p>Retterspitz Haut\u00f6l: F\u00fcr eine sch\u00f6ne Haut macht Retterspitz keine Kompromisse. Wie auch in den anderen Retterspitz Pflege-Produkten stecken im Retterspitz Haut\u00f6l nur die besten Zutaten. Ausschlie\u00dflich nat\u00fcrliche \u00d6le auf der Basis von Sonnenblumen\u00f6l sch\u00fctzen und pflegen unsere sch\u00f6nste H\u00fclle. So wird die Haut geschmeidig und weich.<\/p>\n","protected":false},"excerpt":{"rendered":"<p>Retterspitz Haut\u00f6l: F\u00fcr eine sch\u00f6ne Haut macht Retterspitz keine Kompromisse. Wie auch in den anderen Retterspitz Pflege-Produkten stecken im Retterspitz Haut\u00f6l nur die besten Zutaten. Ausschlie\u00dflich nat\u00fcrliche \u00d6le auf der Basis von Sonnenblumen\u00f6l sch\u00fctzen und pflegen unsere sch\u00f6nste H\u00fclle. So wird die Haut geschmeidig und weich.<\/p>\n","protected":false},"featured_media":0,"template":"","meta":{"_acf_changed":false},"product_brand":[],"product_cat":[808],"product_tag":[],"class_list":{"0":"post-150910","1":"product","2":"type-product","3":"status-publish","5":"product_cat-r","6":"pa_packungsgroesse-200ml","8":"first","9":"instock","10":"shipping-taxable","11":"purchasable","12":"product-type-simple"},"acf":[],"_links":{"self":[{"href":"https:\/\/www.ernstbrunn-apotheke.at\/katalog\/wp-json\/wp\/v2\/product\/150910","targetHints":{"allow":["GET"]}}],"collection":[{"href":"https:\/\/www.ernstbrunn-apotheke.at\/katalog\/wp-json\/wp\/v2\/product"}],"about":[{"href":"https:\/\/www.ernstbrunn-apotheke.at\/katalog\/wp-json\/wp\/v2\/types\/product"}],"wp:attachment":[{"href":"https:\/\/www.ernstbrunn-apotheke.at\/katalog\/wp-json\/wp\/v2\/media?parent=150910"}],"wp:term":[{"taxonomy":"product_brand","embeddable":true,"href":"https:\/\/www.ernstbrunn-apotheke.at\/katalog\/wp-json\/wp\/v2\/product_brand?post=150910"},{"taxonomy":"product_cat","embeddable":true,"href":"https:\/\/www.ernstbrunn-apotheke.at\/katalog\/wp-json\/wp\/v2\/product_cat?post=150910"},{"taxonomy":"product_tag","embeddable":true,"href":"https:\/\/www.ernstbrunn-apotheke.at\/katalog\/wp-json\/wp\/v2\/product_tag?post=150910"}],"curies":[{"name":"wp","href":"https:\/\/api.w.org\/{rel}","templated":true}]}}