{"id":15086,"date":"2025-11-07T18:03:16","date_gmt":"2025-11-07T17:03:16","guid":{"rendered":"https:\/\/www.ernstbrunn-apotheke.at\/katalog\/produkt\/wick-vapopad-7-stk\/"},"modified":"2025-12-08T13:50:17","modified_gmt":"2025-12-08T12:50:17","slug":"wick-vapopad-7-stk","status":"publish","type":"product","link":"https:\/\/www.ernstbrunn-apotheke.at\/katalog\/produkt\/wick-vapopad-7-stk\/","title":{"rendered":"WICK Vapopad 7 Stk."},"content":{"rendered":"<p>Wick Vapopads sind Nachf\u00fcll-Pads f\u00fcr alle wasserlosen Wick Zerst\u00e4uber und Wick Luftbefeuchter mit Duft-Pads.<\/p>\n","protected":false},"excerpt":{"rendered":"<p>Wick Vapopads sind Nachf\u00fcll-Pads f\u00fcr alle wasserlosen Wick Zerst\u00e4uber und Wick Luftbefeuchter mit Duft-Pads.<\/p>\n","protected":false},"featured_media":15088,"template":"","meta":{"_acf_changed":false},"product_brand":[519],"product_cat":[796],"product_tag":[],"class_list":{"0":"post-15086","1":"product","2":"type-product","3":"status-publish","4":"has-post-thumbnail","6":"product_brand-wick","7":"product_cat-w","8":"pa_packungsgroesse-7-stueck","10":"first","11":"instock","12":"shipping-taxable","13":"purchasable","14":"product-type-simple"},"acf":[],"_links":{"self":[{"href":"https:\/\/www.ernstbrunn-apotheke.at\/katalog\/wp-json\/wp\/v2\/product\/15086","targetHints":{"allow":["GET"]}}],"collection":[{"href":"https:\/\/www.ernstbrunn-apotheke.at\/katalog\/wp-json\/wp\/v2\/product"}],"about":[{"href":"https:\/\/www.ernstbrunn-apotheke.at\/katalog\/wp-json\/wp\/v2\/types\/product"}],"wp:featuredmedia":[{"embeddable":true,"href":"https:\/\/www.ernstbrunn-apotheke.at\/katalog\/wp-json\/wp\/v2\/media\/15088"}],"wp:attachment":[{"href":"https:\/\/www.ernstbrunn-apotheke.at\/katalog\/wp-json\/wp\/v2\/media?parent=15086"}],"wp:term":[{"taxonomy":"product_brand","embeddable":true,"href":"https:\/\/www.ernstbrunn-apotheke.at\/katalog\/wp-json\/wp\/v2\/product_brand?post=15086"},{"taxonomy":"product_cat","embeddable":true,"href":"https:\/\/www.ernstbrunn-apotheke.at\/katalog\/wp-json\/wp\/v2\/product_cat?post=15086"},{"taxonomy":"product_tag","embeddable":true,"href":"https:\/\/www.ernstbrunn-apotheke.at\/katalog\/wp-json\/wp\/v2\/product_tag?post=15086"}],"curies":[{"name":"wp","href":"https:\/\/api.w.org\/{rel}","templated":true}]}}