{"id":150849,"date":"2025-11-17T10:59:10","date_gmt":"2025-11-17T09:59:10","guid":{"rendered":"https:\/\/www.ernstbrunn-apotheke.at\/katalog\/produkt\/rabenhorst-schwarze-johannisbeere-saft-750-ml\/"},"modified":"2025-12-09T11:17:49","modified_gmt":"2025-12-09T10:17:49","slug":"rabenhorst-schwarze-johannisbeere-saft-750-ml","status":"publish","type":"product","link":"https:\/\/www.ernstbrunn-apotheke.at\/katalog\/produkt\/rabenhorst-schwarze-johannisbeere-saft-750-ml\/","title":{"rendered":"Rabenhorst Schwarze Johannisbeere Saft 750 ml"},"content":{"rendered":"<p>Rabenhorst Schwarze Johannisbeere Saft 750 ml mit sorgf\u00e4ltig ausgew\u00e4hlten, Vitamin C-reichen schwarzen Johannisbeeren von bester Qualit\u00e4t, die in der hauseigenen Kelterei zu einem aromatischen Saft erster G\u00fcte verarbeitet werden. Die erlesenen Beeren werden nur einmal gepresst. So entsteht ein wirklich purer Direktsaft mit der ganzen F\u00fclle seiner nat\u00fcrlichen Inhaltsstoffe &#8211; jetzt stark preisreduziert bestellen!<\/p>\n","protected":false},"excerpt":{"rendered":"<p>Rabenhorst Schwarze Johannisbeere Saft 750 ml mit sorgf\u00e4ltig ausgew\u00e4hlten, Vitamin C-reichen schwarzen Johannisbeeren von bester Qualit\u00e4t, die in der hauseigenen Kelterei zu einem aromatischen Saft erster G\u00fcte verarbeitet werden. Die erlesenen Beeren werden nur einmal gepresst. So entsteht ein wirklich purer Direktsaft mit der ganzen F\u00fclle seiner nat\u00fcrlichen Inhaltsstoffe &#8211; jetzt stark preisreduziert bestellen!<\/p>\n","protected":false},"featured_media":150851,"template":"","meta":{"_acf_changed":false},"product_brand":[],"product_cat":[808],"product_tag":[],"class_list":{"0":"post-150849","1":"product","2":"type-product","3":"status-publish","4":"has-post-thumbnail","6":"product_cat-r","7":"pa_packungsgroesse-750ml","9":"first","10":"instock","11":"shipping-taxable","12":"purchasable","13":"product-type-simple"},"acf":[],"_links":{"self":[{"href":"https:\/\/www.ernstbrunn-apotheke.at\/katalog\/wp-json\/wp\/v2\/product\/150849","targetHints":{"allow":["GET"]}}],"collection":[{"href":"https:\/\/www.ernstbrunn-apotheke.at\/katalog\/wp-json\/wp\/v2\/product"}],"about":[{"href":"https:\/\/www.ernstbrunn-apotheke.at\/katalog\/wp-json\/wp\/v2\/types\/product"}],"wp:featuredmedia":[{"embeddable":true,"href":"https:\/\/www.ernstbrunn-apotheke.at\/katalog\/wp-json\/wp\/v2\/media\/150851"}],"wp:attachment":[{"href":"https:\/\/www.ernstbrunn-apotheke.at\/katalog\/wp-json\/wp\/v2\/media?parent=150849"}],"wp:term":[{"taxonomy":"product_brand","embeddable":true,"href":"https:\/\/www.ernstbrunn-apotheke.at\/katalog\/wp-json\/wp\/v2\/product_brand?post=150849"},{"taxonomy":"product_cat","embeddable":true,"href":"https:\/\/www.ernstbrunn-apotheke.at\/katalog\/wp-json\/wp\/v2\/product_cat?post=150849"},{"taxonomy":"product_tag","embeddable":true,"href":"https:\/\/www.ernstbrunn-apotheke.at\/katalog\/wp-json\/wp\/v2\/product_tag?post=150849"}],"curies":[{"name":"wp","href":"https:\/\/api.w.org\/{rel}","templated":true}]}}