{"id":15051,"date":"2025-11-07T18:03:16","date_gmt":"2025-11-07T17:03:16","guid":{"rendered":"https:\/\/www.ernstbrunn-apotheke.at\/katalog\/produkt\/bronchostop-kinderhustensaft\/"},"modified":"2025-12-08T13:50:12","modified_gmt":"2025-12-08T12:50:12","slug":"bronchostop-kinderhustensaft","status":"publish","type":"product","link":"https:\/\/www.ernstbrunn-apotheke.at\/katalog\/produkt\/bronchostop-kinderhustensaft\/","title":{"rendered":"Bronchostop Kinderhustensaft"},"content":{"rendered":"<p>Bronchostop Kinderhustensaft 120 ml dient zur raschen und zuverl\u00e4ssigen Anwendung bei jedem erk\u00e4ltungsbedingtem Husten, insbesondere Reizhusten, sowie bei Heiserkeit, Kratzen im Hals und R\u00e4usperzwang f\u00fcr Kinder ab 1 Jahr.<\/p>\n","protected":false},"excerpt":{"rendered":"<p>Bronchostop Kinderhustensaft 120 ml dient zur raschen und zuverl\u00e4ssigen Anwendung bei jedem erk\u00e4ltungsbedingtem Husten, insbesondere Reizhusten, sowie bei Heiserkeit, Kratzen im Hals und R\u00e4usperzwang f\u00fcr Kinder ab 1 Jahr.<\/p>\n","protected":false},"featured_media":15053,"template":"","meta":{"_acf_changed":false},"product_brand":[554],"product_cat":[802],"product_tag":[],"class_list":{"0":"post-15051","1":"product","2":"type-product","3":"status-publish","4":"has-post-thumbnail","6":"product_brand-bronchostop","7":"product_cat-b","8":"pa_packungsgroesse-120ml","10":"first","11":"instock","12":"shipping-taxable","13":"purchasable","14":"product-type-simple"},"acf":[],"_links":{"self":[{"href":"https:\/\/www.ernstbrunn-apotheke.at\/katalog\/wp-json\/wp\/v2\/product\/15051","targetHints":{"allow":["GET"]}}],"collection":[{"href":"https:\/\/www.ernstbrunn-apotheke.at\/katalog\/wp-json\/wp\/v2\/product"}],"about":[{"href":"https:\/\/www.ernstbrunn-apotheke.at\/katalog\/wp-json\/wp\/v2\/types\/product"}],"wp:featuredmedia":[{"embeddable":true,"href":"https:\/\/www.ernstbrunn-apotheke.at\/katalog\/wp-json\/wp\/v2\/media\/15053"}],"wp:attachment":[{"href":"https:\/\/www.ernstbrunn-apotheke.at\/katalog\/wp-json\/wp\/v2\/media?parent=15051"}],"wp:term":[{"taxonomy":"product_brand","embeddable":true,"href":"https:\/\/www.ernstbrunn-apotheke.at\/katalog\/wp-json\/wp\/v2\/product_brand?post=15051"},{"taxonomy":"product_cat","embeddable":true,"href":"https:\/\/www.ernstbrunn-apotheke.at\/katalog\/wp-json\/wp\/v2\/product_cat?post=15051"},{"taxonomy":"product_tag","embeddable":true,"href":"https:\/\/www.ernstbrunn-apotheke.at\/katalog\/wp-json\/wp\/v2\/product_tag?post=15051"}],"curies":[{"name":"wp","href":"https:\/\/api.w.org\/{rel}","templated":true}]}}