{"id":15036,"date":"2025-11-07T18:02:39","date_gmt":"2025-11-07T17:02:39","guid":{"rendered":"https:\/\/www.ernstbrunn-apotheke.at\/katalog\/produkt\/inhalation-salz-gleichenberg-90-g\/"},"modified":"2025-12-08T13:50:06","modified_gmt":"2025-12-08T12:50:06","slug":"inhalation-salz-gleichenberg-90-g","status":"publish","type":"product","link":"https:\/\/www.ernstbrunn-apotheke.at\/katalog\/produkt\/inhalation-salz-gleichenberg-90-g\/","title":{"rendered":"Inhalation Salz Gleichenberg 90 g"},"content":{"rendered":"<p>Inhalation Salz Gleichenberg l\u00f6st aktiv den Schleim, regt die T\u00e4tigkeit der Flimmerzellen an und unterst\u00fctzt so die nat\u00fcrlichen Reinigungsmechanismen der Atemwege. Zudem st\u00e4rkt es die Atemwege bei Erkrankungen wie Nasennebenh\u00f6hlen-, Kehlkopf- und Rachenentz\u00fcndungen, chronischer Bronchitis und Asthma.<\/p>\n","protected":false},"excerpt":{"rendered":"<p>Inhalation Salz Gleichenberg l\u00f6st aktiv den Schleim, regt die T\u00e4tigkeit der Flimmerzellen an und unterst\u00fctzt so die nat\u00fcrlichen Reinigungsmechanismen der Atemwege. Zudem st\u00e4rkt es die Atemwege bei Erkrankungen wie Nasennebenh\u00f6hlen-, Kehlkopf- und Rachenentz\u00fcndungen, chronischer Bronchitis und Asthma.<\/p>\n","protected":false},"featured_media":15038,"template":"","meta":{"_acf_changed":false},"product_brand":[],"product_cat":[823],"product_tag":[],"class_list":{"0":"post-15036","1":"product","2":"type-product","3":"status-publish","4":"has-post-thumbnail","6":"product_cat-i","7":"pa_packungsgroesse-1-stueck","9":"first","10":"instock","11":"shipping-taxable","12":"purchasable","13":"product-type-simple"},"acf":[],"_links":{"self":[{"href":"https:\/\/www.ernstbrunn-apotheke.at\/katalog\/wp-json\/wp\/v2\/product\/15036","targetHints":{"allow":["GET"]}}],"collection":[{"href":"https:\/\/www.ernstbrunn-apotheke.at\/katalog\/wp-json\/wp\/v2\/product"}],"about":[{"href":"https:\/\/www.ernstbrunn-apotheke.at\/katalog\/wp-json\/wp\/v2\/types\/product"}],"wp:featuredmedia":[{"embeddable":true,"href":"https:\/\/www.ernstbrunn-apotheke.at\/katalog\/wp-json\/wp\/v2\/media\/15038"}],"wp:attachment":[{"href":"https:\/\/www.ernstbrunn-apotheke.at\/katalog\/wp-json\/wp\/v2\/media?parent=15036"}],"wp:term":[{"taxonomy":"product_brand","embeddable":true,"href":"https:\/\/www.ernstbrunn-apotheke.at\/katalog\/wp-json\/wp\/v2\/product_brand?post=15036"},{"taxonomy":"product_cat","embeddable":true,"href":"https:\/\/www.ernstbrunn-apotheke.at\/katalog\/wp-json\/wp\/v2\/product_cat?post=15036"},{"taxonomy":"product_tag","embeddable":true,"href":"https:\/\/www.ernstbrunn-apotheke.at\/katalog\/wp-json\/wp\/v2\/product_tag?post=15036"}],"curies":[{"name":"wp","href":"https:\/\/api.w.org\/{rel}","templated":true}]}}