{"id":15020,"date":"2025-11-07T18:02:39","date_gmt":"2025-11-07T17:02:39","guid":{"rendered":"https:\/\/www.ernstbrunn-apotheke.at\/katalog\/produkt\/wick-baby-balsam-50-g\/"},"modified":"2025-12-08T13:50:02","modified_gmt":"2025-12-08T12:50:02","slug":"wick-baby-balsam-50-g","status":"publish","type":"product","link":"https:\/\/www.ernstbrunn-apotheke.at\/katalog\/produkt\/wick-baby-balsam-50-g\/","title":{"rendered":"WICK Baby Balsam 50 g"},"content":{"rendered":"<p>Der Wick Baby Balsam ist ein Kosmetikum, das intensiv und langanhaltend Feuchtigkeit spendet und in Kombination mit Ihrer liebevollen Ber\u00fchrung eine beruhigende und entspannende Wirkung auf Ihr Baby hat. Er enth\u00e4lt pflegenden Aloe Vera- Extrakt und riecht wohltuend nach Rosmarin und Lavendel. F\u00fcr Kinder ab dem 6. Monat geeignet &#8211; jetzt alle Produkte von WICK zu g\u00fcnstigen Preisen online bestellen!<\/p>\n","protected":false},"excerpt":{"rendered":"<p>Der Wick Baby Balsam ist ein Kosmetikum, das intensiv und langanhaltend Feuchtigkeit spendet und in Kombination mit Ihrer liebevollen Ber\u00fchrung eine beruhigende und entspannende Wirkung auf Ihr Baby hat. Er enth\u00e4lt pflegenden Aloe Vera- Extrakt und riecht wohltuend nach Rosmarin und Lavendel. F\u00fcr Kinder ab dem 6. Monat geeignet &#8211; jetzt alle Produkte von WICK [&hellip;]<\/p>\n","protected":false},"featured_media":15022,"template":"","meta":{"_acf_changed":false},"product_brand":[519],"product_cat":[796],"product_tag":[],"class_list":{"0":"post-15020","1":"product","2":"type-product","3":"status-publish","4":"has-post-thumbnail","6":"product_brand-wick","7":"product_cat-w","8":"pa_packungsgroesse-50g","10":"first","11":"instock","12":"shipping-taxable","13":"purchasable","14":"product-type-simple"},"acf":[],"_links":{"self":[{"href":"https:\/\/www.ernstbrunn-apotheke.at\/katalog\/wp-json\/wp\/v2\/product\/15020","targetHints":{"allow":["GET"]}}],"collection":[{"href":"https:\/\/www.ernstbrunn-apotheke.at\/katalog\/wp-json\/wp\/v2\/product"}],"about":[{"href":"https:\/\/www.ernstbrunn-apotheke.at\/katalog\/wp-json\/wp\/v2\/types\/product"}],"wp:featuredmedia":[{"embeddable":true,"href":"https:\/\/www.ernstbrunn-apotheke.at\/katalog\/wp-json\/wp\/v2\/media\/15022"}],"wp:attachment":[{"href":"https:\/\/www.ernstbrunn-apotheke.at\/katalog\/wp-json\/wp\/v2\/media?parent=15020"}],"wp:term":[{"taxonomy":"product_brand","embeddable":true,"href":"https:\/\/www.ernstbrunn-apotheke.at\/katalog\/wp-json\/wp\/v2\/product_brand?post=15020"},{"taxonomy":"product_cat","embeddable":true,"href":"https:\/\/www.ernstbrunn-apotheke.at\/katalog\/wp-json\/wp\/v2\/product_cat?post=15020"},{"taxonomy":"product_tag","embeddable":true,"href":"https:\/\/www.ernstbrunn-apotheke.at\/katalog\/wp-json\/wp\/v2\/product_tag?post=15020"}],"curies":[{"name":"wp","href":"https:\/\/api.w.org\/{rel}","templated":true}]}}