{"id":150102,"date":"2025-11-17T10:32:46","date_gmt":"2025-11-17T09:32:46","guid":{"rendered":"https:\/\/www.ernstbrunn-apotheke.at\/katalog\/produkt\/noreva-sensidiane-augencreme-empfindliche-haut-15-ml\/"},"modified":"2025-12-09T11:15:13","modified_gmt":"2025-12-09T10:15:13","slug":"noreva-sensidiane-augencreme-empfindliche-haut-15-ml","status":"publish","type":"product","link":"https:\/\/www.ernstbrunn-apotheke.at\/katalog\/produkt\/noreva-sensidiane-augencreme-empfindliche-haut-15-ml\/","title":{"rendered":"Noreva Sensidiane Augencreme Empfindliche Haut 15 ml"},"content":{"rendered":"<p>Noreva Sensidiane Augencreme Empfindliche Haut normalisiert Empfindlichkeit und Toleranzschwelle der empfindlichen Augenpartie. Die Creme stellt die Barrierefunktion der Haut wieder her und sch\u00fctzt die Haut vor \u00e4u\u00dferen Reizen. Zudem vermindert sie auch sichtbar Hautr\u00f6tungen und macht den Teint gleichm\u00e4\u00dfiger.<\/p>\n","protected":false},"excerpt":{"rendered":"<p>Noreva Sensidiane Augencreme Empfindliche Haut normalisiert Empfindlichkeit und Toleranzschwelle der empfindlichen Augenpartie. Die Creme stellt die Barrierefunktion der Haut wieder her und sch\u00fctzt die Haut vor \u00e4u\u00dferen Reizen. Zudem vermindert sie auch sichtbar Hautr\u00f6tungen und macht den Teint gleichm\u00e4\u00dfiger.<\/p>\n","protected":false},"featured_media":150104,"template":"","meta":{"_acf_changed":false},"product_brand":[],"product_cat":[797],"product_tag":[],"class_list":{"0":"post-150102","1":"product","2":"type-product","3":"status-publish","4":"has-post-thumbnail","6":"product_cat-n","7":"pa_packungsgroesse-20ml","9":"first","10":"instock","11":"shipping-taxable","12":"purchasable","13":"product-type-simple"},"acf":[],"_links":{"self":[{"href":"https:\/\/www.ernstbrunn-apotheke.at\/katalog\/wp-json\/wp\/v2\/product\/150102","targetHints":{"allow":["GET"]}}],"collection":[{"href":"https:\/\/www.ernstbrunn-apotheke.at\/katalog\/wp-json\/wp\/v2\/product"}],"about":[{"href":"https:\/\/www.ernstbrunn-apotheke.at\/katalog\/wp-json\/wp\/v2\/types\/product"}],"wp:featuredmedia":[{"embeddable":true,"href":"https:\/\/www.ernstbrunn-apotheke.at\/katalog\/wp-json\/wp\/v2\/media\/150104"}],"wp:attachment":[{"href":"https:\/\/www.ernstbrunn-apotheke.at\/katalog\/wp-json\/wp\/v2\/media?parent=150102"}],"wp:term":[{"taxonomy":"product_brand","embeddable":true,"href":"https:\/\/www.ernstbrunn-apotheke.at\/katalog\/wp-json\/wp\/v2\/product_brand?post=150102"},{"taxonomy":"product_cat","embeddable":true,"href":"https:\/\/www.ernstbrunn-apotheke.at\/katalog\/wp-json\/wp\/v2\/product_cat?post=150102"},{"taxonomy":"product_tag","embeddable":true,"href":"https:\/\/www.ernstbrunn-apotheke.at\/katalog\/wp-json\/wp\/v2\/product_tag?post=150102"}],"curies":[{"name":"wp","href":"https:\/\/api.w.org\/{rel}","templated":true}]}}