{"id":150060,"date":"2025-11-17T10:32:04","date_gmt":"2025-11-17T09:32:04","guid":{"rendered":"https:\/\/www.ernstbrunn-apotheke.at\/katalog\/produkt\/nexa-lotte-duft-mottenschutz-3-stk\/"},"modified":"2025-12-09T11:15:06","modified_gmt":"2025-12-09T10:15:06","slug":"nexa-lotte-duft-mottenschutz-3-stk","status":"publish","type":"product","link":"https:\/\/www.ernstbrunn-apotheke.at\/katalog\/produkt\/nexa-lotte-duft-mottenschutz-3-stk\/","title":{"rendered":"Nexa Lotte Duft Mottenschutz 3 Stk."},"content":{"rendered":"<p>Nexa Lotte Duft Mottenschutz sind duftende S\u00e4ckchen gegen Kleidermotten, welche das Angenehme (den Duft) mit dem N\u00fctzlichen (dem Schutz gegen Motten) verbinden. Im Schrank aufgeh\u00e4ngt oder in Schubladen neben der Kleidung platziert, eliminiert der Wirkstoff in den zart duftenden K\u00fcgelchen nicht nur vorhandene Motten, sondern beugt auch einen Neubefall durch Larven vor.<\/p>\n","protected":false},"excerpt":{"rendered":"<p>Nexa Lotte Duft Mottenschutz sind duftende S\u00e4ckchen gegen Kleidermotten, welche das Angenehme (den Duft) mit dem N\u00fctzlichen (dem Schutz gegen Motten) verbinden. Im Schrank aufgeh\u00e4ngt oder in Schubladen neben der Kleidung platziert, eliminiert der Wirkstoff in den zart duftenden K\u00fcgelchen nicht nur vorhandene Motten, sondern beugt auch einen Neubefall durch Larven vor.<\/p>\n","protected":false},"featured_media":150062,"template":"","meta":{"_acf_changed":false},"product_brand":[],"product_cat":[797],"product_tag":[],"class_list":{"0":"post-150060","1":"product","2":"type-product","3":"status-publish","4":"has-post-thumbnail","6":"product_cat-n","7":"pa_packungsgroesse-3-stueck","9":"first","10":"instock","11":"shipping-taxable","12":"purchasable","13":"product-type-simple"},"acf":[],"_links":{"self":[{"href":"https:\/\/www.ernstbrunn-apotheke.at\/katalog\/wp-json\/wp\/v2\/product\/150060","targetHints":{"allow":["GET"]}}],"collection":[{"href":"https:\/\/www.ernstbrunn-apotheke.at\/katalog\/wp-json\/wp\/v2\/product"}],"about":[{"href":"https:\/\/www.ernstbrunn-apotheke.at\/katalog\/wp-json\/wp\/v2\/types\/product"}],"wp:featuredmedia":[{"embeddable":true,"href":"https:\/\/www.ernstbrunn-apotheke.at\/katalog\/wp-json\/wp\/v2\/media\/150062"}],"wp:attachment":[{"href":"https:\/\/www.ernstbrunn-apotheke.at\/katalog\/wp-json\/wp\/v2\/media?parent=150060"}],"wp:term":[{"taxonomy":"product_brand","embeddable":true,"href":"https:\/\/www.ernstbrunn-apotheke.at\/katalog\/wp-json\/wp\/v2\/product_brand?post=150060"},{"taxonomy":"product_cat","embeddable":true,"href":"https:\/\/www.ernstbrunn-apotheke.at\/katalog\/wp-json\/wp\/v2\/product_cat?post=150060"},{"taxonomy":"product_tag","embeddable":true,"href":"https:\/\/www.ernstbrunn-apotheke.at\/katalog\/wp-json\/wp\/v2\/product_tag?post=150060"}],"curies":[{"name":"wp","href":"https:\/\/api.w.org\/{rel}","templated":true}]}}