{"id":14983,"date":"2025-11-07T18:01:35","date_gmt":"2025-11-07T17:01:35","guid":{"rendered":"https:\/\/www.ernstbrunn-apotheke.at\/katalog\/produkt\/ambroxol-genericon-tabletten-30-mg-20-stk\/"},"modified":"2025-12-08T13:49:51","modified_gmt":"2025-12-08T12:49:51","slug":"ambroxol-genericon-tabletten-30-mg-20-stk","status":"publish","type":"product","link":"https:\/\/www.ernstbrunn-apotheke.at\/katalog\/produkt\/ambroxol-genericon-tabletten-30-mg-20-stk\/","title":{"rendered":"Ambroxol Genericon Tabletten 30 mg 20 Stk."},"content":{"rendered":"<p>Ambroxol Genericon Tabletten l\u00f6sen gestautes und z\u00e4h haftendes Sekret von der Bronchialwand und erleichtern somit das Abhusten. Die Tabletten werden zur schleiml\u00f6senden Behandlung bei akuten und chronischen Erkrankungen der Atemwege mit z\u00e4hem Schleim angewendet.<\/p>\n","protected":false},"excerpt":{"rendered":"<p>Ambroxol Genericon Tabletten l\u00f6sen gestautes und z\u00e4h haftendes Sekret von der Bronchialwand und erleichtern somit das Abhusten. Die Tabletten werden zur schleiml\u00f6senden Behandlung bei akuten und chronischen Erkrankungen der Atemwege mit z\u00e4hem Schleim angewendet.<\/p>\n","protected":false},"featured_media":14985,"template":"","meta":{"_acf_changed":false},"product_brand":[],"product_cat":[801],"product_tag":[],"class_list":{"0":"post-14983","1":"product","2":"type-product","3":"status-publish","4":"has-post-thumbnail","6":"product_cat-a","7":"pa_packungsgroesse-20-stueck","9":"first","10":"instock","11":"shipping-taxable","12":"purchasable","13":"product-type-simple"},"acf":[],"_links":{"self":[{"href":"https:\/\/www.ernstbrunn-apotheke.at\/katalog\/wp-json\/wp\/v2\/product\/14983","targetHints":{"allow":["GET"]}}],"collection":[{"href":"https:\/\/www.ernstbrunn-apotheke.at\/katalog\/wp-json\/wp\/v2\/product"}],"about":[{"href":"https:\/\/www.ernstbrunn-apotheke.at\/katalog\/wp-json\/wp\/v2\/types\/product"}],"wp:featuredmedia":[{"embeddable":true,"href":"https:\/\/www.ernstbrunn-apotheke.at\/katalog\/wp-json\/wp\/v2\/media\/14985"}],"wp:attachment":[{"href":"https:\/\/www.ernstbrunn-apotheke.at\/katalog\/wp-json\/wp\/v2\/media?parent=14983"}],"wp:term":[{"taxonomy":"product_brand","embeddable":true,"href":"https:\/\/www.ernstbrunn-apotheke.at\/katalog\/wp-json\/wp\/v2\/product_brand?post=14983"},{"taxonomy":"product_cat","embeddable":true,"href":"https:\/\/www.ernstbrunn-apotheke.at\/katalog\/wp-json\/wp\/v2\/product_cat?post=14983"},{"taxonomy":"product_tag","embeddable":true,"href":"https:\/\/www.ernstbrunn-apotheke.at\/katalog\/wp-json\/wp\/v2\/product_tag?post=14983"}],"curies":[{"name":"wp","href":"https:\/\/api.w.org\/{rel}","templated":true}]}}