{"id":14970,"date":"2025-11-07T18:01:35","date_gmt":"2025-11-07T17:01:35","guid":{"rendered":"https:\/\/www.ernstbrunn-apotheke.at\/katalog\/produkt\/alpinamed-hustenreizlindernder-eibisch-sirup-150-ml\/"},"modified":"2025-12-08T13:49:48","modified_gmt":"2025-12-08T12:49:48","slug":"alpinamed-hustenreizlindernder-eibisch-sirup-150-ml","status":"publish","type":"product","link":"https:\/\/www.ernstbrunn-apotheke.at\/katalog\/produkt\/alpinamed-hustenreizlindernder-eibisch-sirup-150-ml\/","title":{"rendered":"Alpinamed hustenreizlindernder Eibisch-Sirup 150 ml"},"content":{"rendered":"<p>Alpinamed hustenreizlindernder Eibisch-Sirup enth\u00e4lt einen hochwertigen Fl\u00fcssigextrakt aus Eibischwurzel. Seine Heilstoffe legen sich als sch\u00fctzender Film auf die entz\u00fcndeten Stellen in Mund, Rachen und Kehlkopf und lindern so den Hustenreiz.<\/p>\n","protected":false},"excerpt":{"rendered":"<p>Alpinamed hustenreizlindernder Eibisch-Sirup enth\u00e4lt einen hochwertigen Fl\u00fcssigextrakt aus Eibischwurzel. Seine Heilstoffe legen sich als sch\u00fctzender Film auf die entz\u00fcndeten Stellen in Mund, Rachen und Kehlkopf und lindern so den Hustenreiz.<\/p>\n","protected":false},"featured_media":14972,"template":"","meta":{"_acf_changed":false},"product_brand":[366],"product_cat":[801],"product_tag":[],"class_list":{"0":"post-14970","1":"product","2":"type-product","3":"status-publish","4":"has-post-thumbnail","6":"product_brand-alpinamed","7":"product_cat-a","8":"pa_packungsgroesse-150ml","10":"first","11":"instock","12":"shipping-taxable","13":"purchasable","14":"product-type-simple"},"acf":[],"_links":{"self":[{"href":"https:\/\/www.ernstbrunn-apotheke.at\/katalog\/wp-json\/wp\/v2\/product\/14970","targetHints":{"allow":["GET"]}}],"collection":[{"href":"https:\/\/www.ernstbrunn-apotheke.at\/katalog\/wp-json\/wp\/v2\/product"}],"about":[{"href":"https:\/\/www.ernstbrunn-apotheke.at\/katalog\/wp-json\/wp\/v2\/types\/product"}],"wp:featuredmedia":[{"embeddable":true,"href":"https:\/\/www.ernstbrunn-apotheke.at\/katalog\/wp-json\/wp\/v2\/media\/14972"}],"wp:attachment":[{"href":"https:\/\/www.ernstbrunn-apotheke.at\/katalog\/wp-json\/wp\/v2\/media?parent=14970"}],"wp:term":[{"taxonomy":"product_brand","embeddable":true,"href":"https:\/\/www.ernstbrunn-apotheke.at\/katalog\/wp-json\/wp\/v2\/product_brand?post=14970"},{"taxonomy":"product_cat","embeddable":true,"href":"https:\/\/www.ernstbrunn-apotheke.at\/katalog\/wp-json\/wp\/v2\/product_cat?post=14970"},{"taxonomy":"product_tag","embeddable":true,"href":"https:\/\/www.ernstbrunn-apotheke.at\/katalog\/wp-json\/wp\/v2\/product_tag?post=14970"}],"curies":[{"name":"wp","href":"https:\/\/api.w.org\/{rel}","templated":true}]}}