{"id":14966,"date":"2025-11-07T18:01:35","date_gmt":"2025-11-07T17:01:35","guid":{"rendered":"https:\/\/www.ernstbrunn-apotheke.at\/katalog\/produkt\/mucosolvan-15-mg-lutschpastillen-20-stk\/"},"modified":"2025-12-08T13:49:47","modified_gmt":"2025-12-08T12:49:47","slug":"mucosolvan-15-mg-lutschpastillen-20-stk","status":"publish","type":"product","link":"https:\/\/www.ernstbrunn-apotheke.at\/katalog\/produkt\/mucosolvan-15-mg-lutschpastillen-20-stk\/","title":{"rendered":"Mucosolvan 15 mg Lutschpastillen 20 Stk."},"content":{"rendered":"<p>Mucosolvan Lutschpastillen werden angewendet zur schleiml\u00f6senden Behandlung bei akuten und chronischen Erkrankungen der Bronchien und der Lunge. Reichliche Fl\u00fcssigkeitszufuhr unterst\u00fctzt die schleiml\u00f6sende Wirkung &#8211; dieses und weitere Produkte dauerhaft stark preisreduziert bestellen!<\/p>\n","protected":false},"excerpt":{"rendered":"<p>Mucosolvan Lutschpastillen werden angewendet zur schleiml\u00f6senden Behandlung bei akuten und chronischen Erkrankungen der Bronchien und der Lunge. Reichliche Fl\u00fcssigkeitszufuhr unterst\u00fctzt die schleiml\u00f6sende Wirkung &#8211; dieses und weitere Produkte dauerhaft stark preisreduziert bestellen!<\/p>\n","protected":false},"featured_media":14968,"template":"","meta":{"_acf_changed":false},"product_brand":[],"product_cat":[800],"product_tag":[],"class_list":{"0":"post-14966","1":"product","2":"type-product","3":"status-publish","4":"has-post-thumbnail","6":"product_cat-m","7":"pa_packungsgroesse-20-stueck","9":"first","10":"instock","11":"shipping-taxable","12":"purchasable","13":"product-type-simple"},"acf":[],"_links":{"self":[{"href":"https:\/\/www.ernstbrunn-apotheke.at\/katalog\/wp-json\/wp\/v2\/product\/14966","targetHints":{"allow":["GET"]}}],"collection":[{"href":"https:\/\/www.ernstbrunn-apotheke.at\/katalog\/wp-json\/wp\/v2\/product"}],"about":[{"href":"https:\/\/www.ernstbrunn-apotheke.at\/katalog\/wp-json\/wp\/v2\/types\/product"}],"wp:featuredmedia":[{"embeddable":true,"href":"https:\/\/www.ernstbrunn-apotheke.at\/katalog\/wp-json\/wp\/v2\/media\/14968"}],"wp:attachment":[{"href":"https:\/\/www.ernstbrunn-apotheke.at\/katalog\/wp-json\/wp\/v2\/media?parent=14966"}],"wp:term":[{"taxonomy":"product_brand","embeddable":true,"href":"https:\/\/www.ernstbrunn-apotheke.at\/katalog\/wp-json\/wp\/v2\/product_brand?post=14966"},{"taxonomy":"product_cat","embeddable":true,"href":"https:\/\/www.ernstbrunn-apotheke.at\/katalog\/wp-json\/wp\/v2\/product_cat?post=14966"},{"taxonomy":"product_tag","embeddable":true,"href":"https:\/\/www.ernstbrunn-apotheke.at\/katalog\/wp-json\/wp\/v2\/product_tag?post=14966"}],"curies":[{"name":"wp","href":"https:\/\/api.w.org\/{rel}","templated":true}]}}