{"id":149569,"date":"2025-11-17T10:18:49","date_gmt":"2025-11-17T09:18:49","guid":{"rendered":"https:\/\/www.ernstbrunn-apotheke.at\/katalog\/produkt\/manuka-honig-mgo-100-2\/"},"modified":"2025-12-09T11:13:10","modified_gmt":"2025-12-09T10:13:10","slug":"manuka-honig-mgo-100-2","status":"publish","type":"product","link":"https:\/\/www.ernstbrunn-apotheke.at\/katalog\/produkt\/manuka-honig-mgo-100-2\/","title":{"rendered":"Manuka Honig MGO 100+"},"content":{"rendered":"<p><strong>Mehr als nur Honig.<\/strong><\/p>\n<p>Der Honig vom Marktf\u00fchrer Manuka Health enth\u00e4lt mindestens 100 mg Methylglyoxal (MGO) pro Kilogramm Honig und eignet sich ideal zur Steigerung Ihres Wohlbefindens und zum Aufwerten von Gerichten. Lassen Sie sich von der hohen Qualit\u00e4t des zu 100% nat\u00fcrlichen Manuka Honigs MGO 100+ aus Neuseeland \u00fcberzeugen.<\/p>\n<p>Der MGO Gehalt unseres Manuka Honigs MGO 100+ ist wissenschaftlich nachgewiesen und zertifiziert.<\/p>\n<p>Genie\u00dfen Sie unseren hochwertigen MGO 100+ Manuka Honig pur, auf dem Brot, zum Einr\u00fchren in Tee oder Kaffee, f\u00fcr das gewisse Extra im Kuchen oder in vielen weiteren Darreichungsformen.<\/p>\n<p><strong>N\u00c4HRWERTANGABEN je 100g<\/strong><\/p>\n<table>\n<tbody>\n<tr>\n<td>Brennwert<\/td>\n<td>1400 kJ \/ 335 kcal<\/td>\n<\/tr>\n<tr>\n<td>Fett<\/td>\n<td>0 g<\/td>\n<\/tr>\n<tr>\n<td>&#8211; davon ges\u00e4ttigte Fetts\u00e4uren<\/td>\n<td>0 g<\/td>\n<\/tr>\n<tr>\n<td>Kohlenhydrate<\/td>\n<td>82 g<\/td>\n<\/tr>\n<tr>\n<td>&#8211; davon Zucker<\/td>\n<td>82 g<\/td>\n<\/tr>\n<tr>\n<td>Eiwei\u00df<\/td>\n<td>< 0,5g<\/td>\n<\/tr>\n<tr>\n<td>Salz<\/td>\n<td>0,01g<\/td>\n<\/tr>\n<\/tbody>\n<\/table>\n","protected":false},"excerpt":{"rendered":"<p>Mehr als nur Honig. Der Honig vom Marktf\u00fchrer Manuka Health enth\u00e4lt mindestens 100 mg Methylglyoxal (MGO) pro Kilogramm Honig und eignet sich ideal zur Steigerung Ihres Wohlbefindens und zum Aufwerten von Gerichten. Lassen Sie sich von der hohen Qualit\u00e4t des zu 100% nat\u00fcrlichen Manuka Honigs MGO 100+ aus Neuseeland \u00fcberzeugen. Der MGO Gehalt unseres Manuka [&hellip;]<\/p>\n","protected":false},"featured_media":149571,"template":"","meta":{"_acf_changed":false},"product_brand":[1485],"product_cat":[800],"product_tag":[],"class_list":{"0":"post-149569","1":"product","2":"type-product","3":"status-publish","4":"has-post-thumbnail","6":"product_brand-manuka-health","7":"product_cat-m","8":"pa_packungsgroesse-250g","10":"first","11":"instock","12":"shipping-taxable","13":"purchasable","14":"product-type-simple"},"acf":[],"_links":{"self":[{"href":"https:\/\/www.ernstbrunn-apotheke.at\/katalog\/wp-json\/wp\/v2\/product\/149569","targetHints":{"allow":["GET"]}}],"collection":[{"href":"https:\/\/www.ernstbrunn-apotheke.at\/katalog\/wp-json\/wp\/v2\/product"}],"about":[{"href":"https:\/\/www.ernstbrunn-apotheke.at\/katalog\/wp-json\/wp\/v2\/types\/product"}],"wp:featuredmedia":[{"embeddable":true,"href":"https:\/\/www.ernstbrunn-apotheke.at\/katalog\/wp-json\/wp\/v2\/media\/149571"}],"wp:attachment":[{"href":"https:\/\/www.ernstbrunn-apotheke.at\/katalog\/wp-json\/wp\/v2\/media?parent=149569"}],"wp:term":[{"taxonomy":"product_brand","embeddable":true,"href":"https:\/\/www.ernstbrunn-apotheke.at\/katalog\/wp-json\/wp\/v2\/product_brand?post=149569"},{"taxonomy":"product_cat","embeddable":true,"href":"https:\/\/www.ernstbrunn-apotheke.at\/katalog\/wp-json\/wp\/v2\/product_cat?post=149569"},{"taxonomy":"product_tag","embeddable":true,"href":"https:\/\/www.ernstbrunn-apotheke.at\/katalog\/wp-json\/wp\/v2\/product_tag?post=149569"}],"curies":[{"name":"wp","href":"https:\/\/api.w.org\/{rel}","templated":true}]}}