{"id":14943,"date":"2025-11-07T18:01:35","date_gmt":"2025-11-07T17:01:35","guid":{"rendered":"https:\/\/www.ernstbrunn-apotheke.at\/katalog\/produkt\/prospan-akut-husten-brausetabletten-20-stk\/"},"modified":"2025-12-08T13:49:42","modified_gmt":"2025-12-08T12:49:42","slug":"prospan-akut-husten-brausetabletten-20-stk","status":"publish","type":"product","link":"https:\/\/www.ernstbrunn-apotheke.at\/katalog\/produkt\/prospan-akut-husten-brausetabletten-20-stk\/","title":{"rendered":"Prospan akut Husten-Brausetabletten 20 Stk."},"content":{"rendered":"<p>Prospan\u00ae akut ist ein pflanzliches Arzneimittel zur Schleiml\u00f6sung bei Husten im Zusammenhang mit Erk\u00e4ltungen. Prospan\u00ae akut erleichtert das Abhusten, entspannt die Bronchialmuskulatur undberuhigt so den Husten.Prospan akut Husten-Brausetabletten sind die ideale L\u00f6sung bei Erk\u00e4ltungskrankheiten mit Husten und eignen sich hervorragend zur Einnahme als Hei\u00dfgetr\u00e4nk. Nat\u00fcrlich kann man die wohlschmeckende Prospan akut Brausetabletten jedoch auch in kaltem Wasser aufl\u00f6sen.<\/p>\n","protected":false},"excerpt":{"rendered":"<p>Prospan\u00ae akut ist ein pflanzliches Arzneimittel zur Schleiml\u00f6sung bei Husten im Zusammenhang mit Erk\u00e4ltungen. Prospan\u00ae akut erleichtert das Abhusten, entspannt die Bronchialmuskulatur undberuhigt so den Husten.Prospan akut Husten-Brausetabletten sind die ideale L\u00f6sung bei Erk\u00e4ltungskrankheiten mit Husten und eignen sich hervorragend zur Einnahme als Hei\u00dfgetr\u00e4nk. Nat\u00fcrlich kann man die wohlschmeckende Prospan akut Brausetabletten jedoch auch in [&hellip;]<\/p>\n","protected":false},"featured_media":14945,"template":"","meta":{"_acf_changed":false},"product_brand":[],"product_cat":[793],"product_tag":[],"class_list":{"0":"post-14943","1":"product","2":"type-product","3":"status-publish","4":"has-post-thumbnail","6":"product_cat-p","7":"pa_geschmack-orange","8":"pa_packungsgroesse-20-stueck","10":"first","11":"instock","12":"shipping-taxable","13":"purchasable","14":"product-type-simple"},"acf":[],"_links":{"self":[{"href":"https:\/\/www.ernstbrunn-apotheke.at\/katalog\/wp-json\/wp\/v2\/product\/14943","targetHints":{"allow":["GET"]}}],"collection":[{"href":"https:\/\/www.ernstbrunn-apotheke.at\/katalog\/wp-json\/wp\/v2\/product"}],"about":[{"href":"https:\/\/www.ernstbrunn-apotheke.at\/katalog\/wp-json\/wp\/v2\/types\/product"}],"wp:featuredmedia":[{"embeddable":true,"href":"https:\/\/www.ernstbrunn-apotheke.at\/katalog\/wp-json\/wp\/v2\/media\/14945"}],"wp:attachment":[{"href":"https:\/\/www.ernstbrunn-apotheke.at\/katalog\/wp-json\/wp\/v2\/media?parent=14943"}],"wp:term":[{"taxonomy":"product_brand","embeddable":true,"href":"https:\/\/www.ernstbrunn-apotheke.at\/katalog\/wp-json\/wp\/v2\/product_brand?post=14943"},{"taxonomy":"product_cat","embeddable":true,"href":"https:\/\/www.ernstbrunn-apotheke.at\/katalog\/wp-json\/wp\/v2\/product_cat?post=14943"},{"taxonomy":"product_tag","embeddable":true,"href":"https:\/\/www.ernstbrunn-apotheke.at\/katalog\/wp-json\/wp\/v2\/product_tag?post=14943"}],"curies":[{"name":"wp","href":"https:\/\/api.w.org\/{rel}","templated":true}]}}