{"id":149350,"date":"2025-11-17T10:14:45","date_gmt":"2025-11-17T09:14:45","guid":{"rendered":"https:\/\/www.ernstbrunn-apotheke.at\/katalog\/produkt\/logona-lavaerde-hh-waschpulver\/"},"modified":"2025-12-09T11:12:07","modified_gmt":"2025-12-09T10:12:07","slug":"logona-lavaerde-hh-waschpulver","status":"publish","type":"product","link":"https:\/\/www.ernstbrunn-apotheke.at\/katalog\/produkt\/logona-lavaerde-hh-waschpulver\/","title":{"rendered":"Logona Lavaerde H+H Waschpulver"},"content":{"rendered":"<p>Alle Produkte von Logona werden nach strengen Qualit\u00e4tskriterien in Deutschland entwickelt und produziert. Es werden vor allem nat\u00fcrliche Rohstoffe wie pflanzliche \u00d6le, Fette und Wachse, Kr\u00e4uterextrakte, Bl\u00fctenwasser, \u00e4therische \u00d6le und Aromen aus kontrolliert biologischem Anbau (kbA) sowie Wildsammlung verwendet. Ein Markenzeichen von Logona sind dabei die hauseigenen Extrakte, deren hochwertige Qualit\u00e4t f\u00fcr uns die Seele eines Naturkosmetik-Produkts ausmacht. Produziert wird nach dem GMP (Good Manufacturing Practice), dem pharmazeutischen Produktionsstandard. F\u00fcr Produkte, die im Einklang mit Mensch und Natur stehen.<\/p>\n","protected":false},"excerpt":{"rendered":"<p>Alle Produkte von Logona werden nach strengen Qualit\u00e4tskriterien in Deutschland entwickelt und produziert. Es werden vor allem nat\u00fcrliche Rohstoffe wie pflanzliche \u00d6le, Fette und Wachse, Kr\u00e4uterextrakte, Bl\u00fctenwasser, \u00e4therische \u00d6le und Aromen aus kontrolliert biologischem Anbau (kbA) sowie Wildsammlung verwendet. Ein Markenzeichen von Logona sind dabei die hauseigenen Extrakte, deren hochwertige Qualit\u00e4t f\u00fcr uns die Seele [&hellip;]<\/p>\n","protected":false},"featured_media":0,"template":"","meta":{"_acf_changed":false},"product_brand":[],"product_cat":[795],"product_tag":[],"class_list":{"0":"post-149350","1":"product","2":"type-product","3":"status-publish","5":"product_cat-l","6":"pa_packungsgroesse-300g","8":"first","9":"instock","10":"shipping-taxable","11":"purchasable","12":"product-type-simple"},"acf":[],"_links":{"self":[{"href":"https:\/\/www.ernstbrunn-apotheke.at\/katalog\/wp-json\/wp\/v2\/product\/149350","targetHints":{"allow":["GET"]}}],"collection":[{"href":"https:\/\/www.ernstbrunn-apotheke.at\/katalog\/wp-json\/wp\/v2\/product"}],"about":[{"href":"https:\/\/www.ernstbrunn-apotheke.at\/katalog\/wp-json\/wp\/v2\/types\/product"}],"wp:attachment":[{"href":"https:\/\/www.ernstbrunn-apotheke.at\/katalog\/wp-json\/wp\/v2\/media?parent=149350"}],"wp:term":[{"taxonomy":"product_brand","embeddable":true,"href":"https:\/\/www.ernstbrunn-apotheke.at\/katalog\/wp-json\/wp\/v2\/product_brand?post=149350"},{"taxonomy":"product_cat","embeddable":true,"href":"https:\/\/www.ernstbrunn-apotheke.at\/katalog\/wp-json\/wp\/v2\/product_cat?post=149350"},{"taxonomy":"product_tag","embeddable":true,"href":"https:\/\/www.ernstbrunn-apotheke.at\/katalog\/wp-json\/wp\/v2\/product_tag?post=149350"}],"curies":[{"name":"wp","href":"https:\/\/api.w.org\/{rel}","templated":true}]}}