{"id":149318,"date":"2025-11-17T10:14:10","date_gmt":"2025-11-17T09:14:10","guid":{"rendered":"https:\/\/www.ernstbrunn-apotheke.at\/katalog\/produkt\/linola-hand-forte-50-ml\/"},"modified":"2025-12-09T11:11:59","modified_gmt":"2025-12-09T10:11:59","slug":"linola-hand-forte-50-ml","status":"publish","type":"product","link":"https:\/\/www.ernstbrunn-apotheke.at\/katalog\/produkt\/linola-hand-forte-50-ml\/","title":{"rendered":"Linola Hand Forte 50 ml"},"content":{"rendered":"<p><strong>Linola Hand Forte Handcreme mit erh\u00f6htem Lipidgehalt \u2013 f\u00fcr die Tag- und Nachtpflege sichtbar ausgetrockneter H\u00e4nde<\/strong><br \/>Linola Hand Forte wurde speziell f\u00fcr die Pflegebed\u00fcrfnisse juckender, trockener und gereizter H\u00e4nde entwickelt. Sie beruhigt irritierte Haut und lindert den Juckreiz. Vorhandene Fett- und Feuchtigkeitsdefizite der Haut werden ausgeglichen. Die Linols\u00e4ure stabilisiert die nat\u00fcrliche Hautschutzbarriere und f\u00f6rdert den Erholungsprozess der Haut. Zudem reduziert sie Trockenheit, Spannungsgef\u00fchle und Brennen der Haut.<\/p>\n<p>&#13;<\/p>\n<p><strong>Produkt auf einen Blick:<\/strong><\/p>\n<p>&#13;<\/p>\n<ul>&#13;<\/p>\n<li>Tag- und Nachtpflege f\u00fcr sehr trockene, raue H\u00e4nde<\/li>\n<p>&#13;<\/p>\n<li>Enth\u00e4lt hochwertige Linols\u00e4ure aus Raps\u00f6l<\/li>\n<p>&#13;<\/p>\n<li>Ein erh\u00f6hter Lipidgehalt und Glycerin verbessern die Feuchtigkeit der Haut<\/li>\n<p>&#13;<\/p>\n<li>Zieht schnell ein, \u00fcberfettet die Haut nicht und klebt nicht<\/li>\n<p>&#13;<\/p>\n<li>Vertr\u00e4glichkeit wurde selbst bei zu Neurodermitis neigender Haut klinisch best\u00e4tigt<\/li>\n<p>&#13;<\/p>\n<li>Ohne Parf\u00fcm, Silikone, Mineral\u00f6le und Mikroplastik<\/li>\n<p>&#13;\n<\/ul>\n<p>&#13;<\/p>\n<p><strong>Handcreme mit starkem Schutz f\u00fcr sehr trockene H\u00e4nde<\/strong><br \/>Ist die Haut besonders stark ausgetrocknet, wird die Trockenheit f\u00fcr das blo\u00dfe Auge sichtbar. Gerade die H\u00e4nde leiden h\u00e4ufig unter diesem Zustand. Sind die H\u00e4nde rau, rissig und spannen unangenehm, sind das Anzeichen daf\u00fcr, dass die nat\u00fcrliche Hautbarriere geschw\u00e4cht ist. Diese Barriere sch\u00fctzt die Haut normalerweise vor dem Austrocknen. Damit sich die Haut der H\u00e4nde schnell wieder regenerieren kann, enth\u00e4lt Linola Hand Forte einen besonders hohen Lipidgehalt und hochwertiges, linols\u00e4urereiches Raps\u00f6l. So wird die Funktion der Hautbarriere gest\u00e4rkt. Glycerin erh\u00f6ht die Feuchtigkeit der Haut und reduziert zusammen mit den Lipiden Trockenheit und Spannungsgef\u00fchle. Die Handcreme enth\u00e4lt keine Duftstoffe oder Zusatzstoffe, wie Silikon oder Mineral\u00f6l. Die Vertr\u00e4glichkeit wurde auch bei zu Neurodermitis neigender Haut dermatologisch best\u00e4tigt.<\/p>\n","protected":false},"excerpt":{"rendered":"<p>Linola Hand Forte Handcreme mit erh\u00f6htem Lipidgehalt \u2013 f\u00fcr die Tag- und Nachtpflege sichtbar ausgetrockneter H\u00e4ndeLinola Hand Forte wurde speziell f\u00fcr die Pflegebed\u00fcrfnisse juckender, trockener und gereizter H\u00e4nde entwickelt. Sie beruhigt irritierte Haut und lindert den Juckreiz. Vorhandene Fett- und Feuchtigkeitsdefizite der Haut werden ausgeglichen. Die Linols\u00e4ure stabilisiert die nat\u00fcrliche Hautschutzbarriere und f\u00f6rdert den Erholungsprozess [&hellip;]<\/p>\n","protected":false},"featured_media":149320,"template":"","meta":{"_acf_changed":false},"product_brand":[686],"product_cat":[795],"product_tag":[],"class_list":{"0":"post-149318","1":"product","2":"type-product","3":"status-publish","4":"has-post-thumbnail","6":"product_brand-linola","7":"product_cat-l","8":"pa_packungsgroesse-50ml","10":"first","11":"instock","12":"shipping-taxable","13":"purchasable","14":"product-type-simple"},"acf":[],"_links":{"self":[{"href":"https:\/\/www.ernstbrunn-apotheke.at\/katalog\/wp-json\/wp\/v2\/product\/149318","targetHints":{"allow":["GET"]}}],"collection":[{"href":"https:\/\/www.ernstbrunn-apotheke.at\/katalog\/wp-json\/wp\/v2\/product"}],"about":[{"href":"https:\/\/www.ernstbrunn-apotheke.at\/katalog\/wp-json\/wp\/v2\/types\/product"}],"wp:featuredmedia":[{"embeddable":true,"href":"https:\/\/www.ernstbrunn-apotheke.at\/katalog\/wp-json\/wp\/v2\/media\/149320"}],"wp:attachment":[{"href":"https:\/\/www.ernstbrunn-apotheke.at\/katalog\/wp-json\/wp\/v2\/media?parent=149318"}],"wp:term":[{"taxonomy":"product_brand","embeddable":true,"href":"https:\/\/www.ernstbrunn-apotheke.at\/katalog\/wp-json\/wp\/v2\/product_brand?post=149318"},{"taxonomy":"product_cat","embeddable":true,"href":"https:\/\/www.ernstbrunn-apotheke.at\/katalog\/wp-json\/wp\/v2\/product_cat?post=149318"},{"taxonomy":"product_tag","embeddable":true,"href":"https:\/\/www.ernstbrunn-apotheke.at\/katalog\/wp-json\/wp\/v2\/product_tag?post=149318"}],"curies":[{"name":"wp","href":"https:\/\/api.w.org\/{rel}","templated":true}]}}