{"id":14927,"date":"2025-11-07T18:00:36","date_gmt":"2025-11-07T17:00:36","guid":{"rendered":"https:\/\/www.ernstbrunn-apotheke.at\/katalog\/produkt\/bronchostop-plus-hustenbonbons-60-g\/"},"modified":"2025-12-08T13:49:39","modified_gmt":"2025-12-08T12:49:39","slug":"bronchostop-plus-hustenbonbons-60-g","status":"publish","type":"product","link":"https:\/\/www.ernstbrunn-apotheke.at\/katalog\/produkt\/bronchostop-plus-hustenbonbons-60-g\/","title":{"rendered":"Bronchostop Plus Hustenbonbons 60 g"},"content":{"rendered":"<p>Bronchostop Plus Hustenbonbons enthalten die wohltuende Kombination aus Pfefferminz- und Eukalyptus\u00f6l. Diese wirken sich positiv auf Schleimh\u00e4ute und Bronchien aus und enthalten Ausz\u00fcge aus 13 Kr\u00e4utern.<\/p>\n","protected":false},"excerpt":{"rendered":"<p>Bronchostop Plus Hustenbonbons enthalten die wohltuende Kombination aus Pfefferminz- und Eukalyptus\u00f6l. Diese wirken sich positiv auf Schleimh\u00e4ute und Bronchien aus und enthalten Ausz\u00fcge aus 13 Kr\u00e4utern.<\/p>\n","protected":false},"featured_media":14929,"template":"","meta":{"_acf_changed":false},"product_brand":[554],"product_cat":[802],"product_tag":[],"class_list":{"0":"post-14927","1":"product","2":"type-product","3":"status-publish","4":"has-post-thumbnail","6":"product_brand-bronchostop","7":"product_cat-b","8":"pa_packungsgroesse-60g","10":"first","11":"instock","12":"shipping-taxable","13":"purchasable","14":"product-type-simple"},"acf":[],"_links":{"self":[{"href":"https:\/\/www.ernstbrunn-apotheke.at\/katalog\/wp-json\/wp\/v2\/product\/14927","targetHints":{"allow":["GET"]}}],"collection":[{"href":"https:\/\/www.ernstbrunn-apotheke.at\/katalog\/wp-json\/wp\/v2\/product"}],"about":[{"href":"https:\/\/www.ernstbrunn-apotheke.at\/katalog\/wp-json\/wp\/v2\/types\/product"}],"wp:featuredmedia":[{"embeddable":true,"href":"https:\/\/www.ernstbrunn-apotheke.at\/katalog\/wp-json\/wp\/v2\/media\/14929"}],"wp:attachment":[{"href":"https:\/\/www.ernstbrunn-apotheke.at\/katalog\/wp-json\/wp\/v2\/media?parent=14927"}],"wp:term":[{"taxonomy":"product_brand","embeddable":true,"href":"https:\/\/www.ernstbrunn-apotheke.at\/katalog\/wp-json\/wp\/v2\/product_brand?post=14927"},{"taxonomy":"product_cat","embeddable":true,"href":"https:\/\/www.ernstbrunn-apotheke.at\/katalog\/wp-json\/wp\/v2\/product_cat?post=14927"},{"taxonomy":"product_tag","embeddable":true,"href":"https:\/\/www.ernstbrunn-apotheke.at\/katalog\/wp-json\/wp\/v2\/product_tag?post=14927"}],"curies":[{"name":"wp","href":"https:\/\/api.w.org\/{rel}","templated":true}]}}