{"id":14915,"date":"2025-11-07T18:00:36","date_gmt":"2025-11-07T17:00:36","guid":{"rendered":"https:\/\/www.ernstbrunn-apotheke.at\/katalog\/produkt\/bronchipret-thymian-primel-filmtabletten-20-stk\/"},"modified":"2025-12-08T13:49:37","modified_gmt":"2025-12-08T12:49:37","slug":"bronchipret-thymian-primel-filmtabletten-20-stk","status":"publish","type":"product","link":"https:\/\/www.ernstbrunn-apotheke.at\/katalog\/produkt\/bronchipret-thymian-primel-filmtabletten-20-stk\/","title":{"rendered":"Bronchipret Thymian Primel Filmtabletten 20 Stk."},"content":{"rendered":"<p>Bronchipret\u00ae Thymian Primel Filmtabletten sind ein pflanzliches Arzneimittel bei Erk\u00e4ltungskrankheiten der Atemwege. Das Produkt wird zur Besserung der Beschwerden bei akuter Bronchitis mit Husten und Erk\u00e4ltungskrankheiten mit z\u00e4hfl\u00fcssigem Schleim eingesetzt. Es l\u00f6st den festsitzenden Schleim, heilt die Entz\u00fcndung der Bronchien und reduziert die Hustenanf\u00e4lle.<\/p>\n","protected":false},"excerpt":{"rendered":"<p>Bronchipret\u00ae Thymian Primel Filmtabletten sind ein pflanzliches Arzneimittel bei Erk\u00e4ltungskrankheiten der Atemwege. Das Produkt wird zur Besserung der Beschwerden bei akuter Bronchitis mit Husten und Erk\u00e4ltungskrankheiten mit z\u00e4hfl\u00fcssigem Schleim eingesetzt. Es l\u00f6st den festsitzenden Schleim, heilt die Entz\u00fcndung der Bronchien und reduziert die Hustenanf\u00e4lle.<\/p>\n","protected":false},"featured_media":14917,"template":"","meta":{"_acf_changed":false},"product_brand":[],"product_cat":[802],"product_tag":[],"class_list":{"0":"post-14915","1":"product","2":"type-product","3":"status-publish","4":"has-post-thumbnail","6":"product_cat-b","7":"pa_packungsgroesse-20-stueck","9":"first","10":"instock","11":"shipping-taxable","12":"purchasable","13":"product-type-simple"},"acf":[],"_links":{"self":[{"href":"https:\/\/www.ernstbrunn-apotheke.at\/katalog\/wp-json\/wp\/v2\/product\/14915","targetHints":{"allow":["GET"]}}],"collection":[{"href":"https:\/\/www.ernstbrunn-apotheke.at\/katalog\/wp-json\/wp\/v2\/product"}],"about":[{"href":"https:\/\/www.ernstbrunn-apotheke.at\/katalog\/wp-json\/wp\/v2\/types\/product"}],"wp:featuredmedia":[{"embeddable":true,"href":"https:\/\/www.ernstbrunn-apotheke.at\/katalog\/wp-json\/wp\/v2\/media\/14917"}],"wp:attachment":[{"href":"https:\/\/www.ernstbrunn-apotheke.at\/katalog\/wp-json\/wp\/v2\/media?parent=14915"}],"wp:term":[{"taxonomy":"product_brand","embeddable":true,"href":"https:\/\/www.ernstbrunn-apotheke.at\/katalog\/wp-json\/wp\/v2\/product_brand?post=14915"},{"taxonomy":"product_cat","embeddable":true,"href":"https:\/\/www.ernstbrunn-apotheke.at\/katalog\/wp-json\/wp\/v2\/product_cat?post=14915"},{"taxonomy":"product_tag","embeddable":true,"href":"https:\/\/www.ernstbrunn-apotheke.at\/katalog\/wp-json\/wp\/v2\/product_tag?post=14915"}],"curies":[{"name":"wp","href":"https:\/\/api.w.org\/{rel}","templated":true}]}}