{"id":14912,"date":"2025-11-07T18:00:36","date_gmt":"2025-11-07T17:00:36","guid":{"rendered":"https:\/\/www.ernstbrunn-apotheke.at\/katalog\/produkt\/tussimont-honig-sirup-junior-180-g\/"},"modified":"2025-12-08T13:49:35","modified_gmt":"2025-12-08T12:49:35","slug":"tussimont-honig-sirup-junior-180-g","status":"publish","type":"product","link":"https:\/\/www.ernstbrunn-apotheke.at\/katalog\/produkt\/tussimont-honig-sirup-junior-180-g\/","title":{"rendered":"Tussimont Honig Sirup Junior 180 g"},"content":{"rendered":"<p>Tussimont Honig Sirup Junior ist eine wohlschmeckende Kr\u00e4uterkombination aus bew\u00e4hrten und gepr\u00fcften Pflanzen, angereichert mit Bienenhonig und Vitamin C. Besonders in der Erk\u00e4ltungszeit entfaltet dieser Honigsirup seine wohltuende Wirkung.<\/p>\n","protected":false},"excerpt":{"rendered":"<p>Tussimont Honig Sirup Junior ist eine wohlschmeckende Kr\u00e4uterkombination aus bew\u00e4hrten und gepr\u00fcften Pflanzen, angereichert mit Bienenhonig und Vitamin C. Besonders in der Erk\u00e4ltungszeit entfaltet dieser Honigsirup seine wohltuende Wirkung.<\/p>\n","protected":false},"featured_media":14914,"template":"","meta":{"_acf_changed":false},"product_brand":[],"product_cat":[798],"product_tag":[],"class_list":{"0":"post-14912","1":"product","2":"type-product","3":"status-publish","4":"has-post-thumbnail","6":"product_cat-t","7":"pa_packungsgroesse-180g","9":"first","10":"instock","11":"shipping-taxable","12":"purchasable","13":"product-type-simple"},"acf":[],"_links":{"self":[{"href":"https:\/\/www.ernstbrunn-apotheke.at\/katalog\/wp-json\/wp\/v2\/product\/14912","targetHints":{"allow":["GET"]}}],"collection":[{"href":"https:\/\/www.ernstbrunn-apotheke.at\/katalog\/wp-json\/wp\/v2\/product"}],"about":[{"href":"https:\/\/www.ernstbrunn-apotheke.at\/katalog\/wp-json\/wp\/v2\/types\/product"}],"wp:featuredmedia":[{"embeddable":true,"href":"https:\/\/www.ernstbrunn-apotheke.at\/katalog\/wp-json\/wp\/v2\/media\/14914"}],"wp:attachment":[{"href":"https:\/\/www.ernstbrunn-apotheke.at\/katalog\/wp-json\/wp\/v2\/media?parent=14912"}],"wp:term":[{"taxonomy":"product_brand","embeddable":true,"href":"https:\/\/www.ernstbrunn-apotheke.at\/katalog\/wp-json\/wp\/v2\/product_brand?post=14912"},{"taxonomy":"product_cat","embeddable":true,"href":"https:\/\/www.ernstbrunn-apotheke.at\/katalog\/wp-json\/wp\/v2\/product_cat?post=14912"},{"taxonomy":"product_tag","embeddable":true,"href":"https:\/\/www.ernstbrunn-apotheke.at\/katalog\/wp-json\/wp\/v2\/product_tag?post=14912"}],"curies":[{"name":"wp","href":"https:\/\/api.w.org\/{rel}","templated":true}]}}