{"id":14903,"date":"2025-11-07T18:00:36","date_gmt":"2025-11-07T17:00:36","guid":{"rendered":"https:\/\/www.ernstbrunn-apotheke.at\/katalog\/produkt\/klosterfrau-islaendisch-moos-hustenpastillen-24-stk\/"},"modified":"2025-12-08T13:49:33","modified_gmt":"2025-12-08T12:49:33","slug":"klosterfrau-islaendisch-moos-hustenpastillen-24-stk","status":"publish","type":"product","link":"https:\/\/www.ernstbrunn-apotheke.at\/katalog\/produkt\/klosterfrau-islaendisch-moos-hustenpastillen-24-stk\/","title":{"rendered":"Klosterfrau Isl\u00e4ndisch Moos Hustenpastillen 24 Stk."},"content":{"rendered":"<p>Klosterfrau Isl\u00e4ndisch Moos Hustenpastillen wirken bei Hustenreiz und unterst\u00fctzen bei Heiserkeit, rauem Hals und belegter Stimme. Durch die Inhaltsstoffe von Isl\u00e4ndischem Moos und der Malve wird eine Schutzschicht gebildet, die sich lindernd \u00fcber die Schleimh\u00e4ute legt &#8211; Wir bieten Ihnen das Sortiment einer Standortapotheke, direkt zu Ihnen nach Hause geliefert!<\/p>\n","protected":false},"excerpt":{"rendered":"<p>Klosterfrau Isl\u00e4ndisch Moos Hustenpastillen wirken bei Hustenreiz und unterst\u00fctzen bei Heiserkeit, rauem Hals und belegter Stimme. Durch die Inhaltsstoffe von Isl\u00e4ndischem Moos und der Malve wird eine Schutzschicht gebildet, die sich lindernd \u00fcber die Schleimh\u00e4ute legt &#8211; Wir bieten Ihnen das Sortiment einer Standortapotheke, direkt zu Ihnen nach Hause geliefert!<\/p>\n","protected":false},"featured_media":14905,"template":"","meta":{"_acf_changed":false},"product_brand":[526],"product_cat":[807],"product_tag":[],"class_list":{"0":"post-14903","1":"product","2":"type-product","3":"status-publish","4":"has-post-thumbnail","6":"product_brand-klosterfrau","7":"product_cat-k","8":"pa_farbe-hellbraun","9":"pa_geschmack-sanddorn","10":"pa_packungsgroesse-24-stueck","12":"first","13":"instock","14":"shipping-taxable","15":"purchasable","16":"product-type-simple"},"acf":[],"_links":{"self":[{"href":"https:\/\/www.ernstbrunn-apotheke.at\/katalog\/wp-json\/wp\/v2\/product\/14903","targetHints":{"allow":["GET"]}}],"collection":[{"href":"https:\/\/www.ernstbrunn-apotheke.at\/katalog\/wp-json\/wp\/v2\/product"}],"about":[{"href":"https:\/\/www.ernstbrunn-apotheke.at\/katalog\/wp-json\/wp\/v2\/types\/product"}],"wp:featuredmedia":[{"embeddable":true,"href":"https:\/\/www.ernstbrunn-apotheke.at\/katalog\/wp-json\/wp\/v2\/media\/14905"}],"wp:attachment":[{"href":"https:\/\/www.ernstbrunn-apotheke.at\/katalog\/wp-json\/wp\/v2\/media?parent=14903"}],"wp:term":[{"taxonomy":"product_brand","embeddable":true,"href":"https:\/\/www.ernstbrunn-apotheke.at\/katalog\/wp-json\/wp\/v2\/product_brand?post=14903"},{"taxonomy":"product_cat","embeddable":true,"href":"https:\/\/www.ernstbrunn-apotheke.at\/katalog\/wp-json\/wp\/v2\/product_cat?post=14903"},{"taxonomy":"product_tag","embeddable":true,"href":"https:\/\/www.ernstbrunn-apotheke.at\/katalog\/wp-json\/wp\/v2\/product_tag?post=14903"}],"curies":[{"name":"wp","href":"https:\/\/api.w.org\/{rel}","templated":true}]}}