{"id":14893,"date":"2025-11-07T18:00:36","date_gmt":"2025-11-07T17:00:36","guid":{"rendered":"https:\/\/www.ernstbrunn-apotheke.at\/katalog\/produkt\/tussamag-hustensaft-zuckerfrei-150-ml\/"},"modified":"2025-12-08T13:49:32","modified_gmt":"2025-12-08T12:49:32","slug":"tussamag-hustensaft-zuckerfrei-150-ml","status":"publish","type":"product","link":"https:\/\/www.ernstbrunn-apotheke.at\/katalog\/produkt\/tussamag-hustensaft-zuckerfrei-150-ml\/","title":{"rendered":"Tussamag Hustensaft zuckerfrei 150 ml"},"content":{"rendered":"<p>Tussamag Hustensaft zuckerfrei ist ein traditionelles pflanzliches Arzneimittel zur Schleiml\u00f6sung bei Husten in Zusammenhang mit Erk\u00e4ltung. Das enthaltene Thymianextrakt sorgt f\u00fcr rasche Schleiml\u00f6sung. Krankheitserreger k\u00f6nne so schnell aus dem K\u00f6rper geschleust werden. und die Erk\u00e4ltung schneller heilen.<\/p>\n","protected":false},"excerpt":{"rendered":"<p>Tussamag Hustensaft zuckerfrei ist ein traditionelles pflanzliches Arzneimittel zur Schleiml\u00f6sung bei Husten in Zusammenhang mit Erk\u00e4ltung. Das enthaltene Thymianextrakt sorgt f\u00fcr rasche Schleiml\u00f6sung. Krankheitserreger k\u00f6nne so schnell aus dem K\u00f6rper geschleust werden. und die Erk\u00e4ltung schneller heilen.<\/p>\n","protected":false},"featured_media":14895,"template":"","meta":{"_acf_changed":false},"product_brand":[],"product_cat":[798],"product_tag":[],"class_list":{"0":"post-14893","1":"product","2":"type-product","3":"status-publish","4":"has-post-thumbnail","6":"product_cat-t","7":"pa_packungsgroesse-150ml","9":"first","10":"instock","11":"shipping-taxable","12":"purchasable","13":"product-type-simple"},"acf":[],"_links":{"self":[{"href":"https:\/\/www.ernstbrunn-apotheke.at\/katalog\/wp-json\/wp\/v2\/product\/14893","targetHints":{"allow":["GET"]}}],"collection":[{"href":"https:\/\/www.ernstbrunn-apotheke.at\/katalog\/wp-json\/wp\/v2\/product"}],"about":[{"href":"https:\/\/www.ernstbrunn-apotheke.at\/katalog\/wp-json\/wp\/v2\/types\/product"}],"wp:featuredmedia":[{"embeddable":true,"href":"https:\/\/www.ernstbrunn-apotheke.at\/katalog\/wp-json\/wp\/v2\/media\/14895"}],"wp:attachment":[{"href":"https:\/\/www.ernstbrunn-apotheke.at\/katalog\/wp-json\/wp\/v2\/media?parent=14893"}],"wp:term":[{"taxonomy":"product_brand","embeddable":true,"href":"https:\/\/www.ernstbrunn-apotheke.at\/katalog\/wp-json\/wp\/v2\/product_brand?post=14893"},{"taxonomy":"product_cat","embeddable":true,"href":"https:\/\/www.ernstbrunn-apotheke.at\/katalog\/wp-json\/wp\/v2\/product_cat?post=14893"},{"taxonomy":"product_tag","embeddable":true,"href":"https:\/\/www.ernstbrunn-apotheke.at\/katalog\/wp-json\/wp\/v2\/product_tag?post=14893"}],"curies":[{"name":"wp","href":"https:\/\/api.w.org\/{rel}","templated":true}]}}