{"id":14866,"date":"2025-11-07T17:59:50","date_gmt":"2025-11-07T16:59:50","guid":{"rendered":"https:\/\/www.ernstbrunn-apotheke.at\/katalog\/produkt\/alpinamed-hustenloeser-sirup-100-ml\/"},"modified":"2025-12-08T13:49:25","modified_gmt":"2025-12-08T12:49:25","slug":"alpinamed-hustenloeser-sirup-100-ml","status":"publish","type":"product","link":"https:\/\/www.ernstbrunn-apotheke.at\/katalog\/produkt\/alpinamed-hustenloeser-sirup-100-ml\/","title":{"rendered":"Alpinamed Hustenl\u00f6ser Sirup 100 ml"},"content":{"rendered":"<p>Alpinamed Hustenl\u00f6ser Sirup zum Einnehmen ist ein pflanzliches Arzneimittel zur Linderung des Hustens bei Katarrhen der Atemwege. Der Wirkstoff dieses Arzneimittels, ein Trockenextrakt aus Efeubl\u00e4ttern, erweitert die Bronchien und f\u00fchrt zur L\u00f6sung von z\u00e4hfl\u00fcssigem Sekret (Schleim) in den Atemwegen. Dadurch wird das Abhusten erleichtert und der Hustenreiz vermindert.<\/p>\n","protected":false},"excerpt":{"rendered":"<p>Alpinamed Hustenl\u00f6ser Sirup zum Einnehmen ist ein pflanzliches Arzneimittel zur Linderung des Hustens bei Katarrhen der Atemwege. Der Wirkstoff dieses Arzneimittels, ein Trockenextrakt aus Efeubl\u00e4ttern, erweitert die Bronchien und f\u00fchrt zur L\u00f6sung von z\u00e4hfl\u00fcssigem Sekret (Schleim) in den Atemwegen. Dadurch wird das Abhusten erleichtert und der Hustenreiz vermindert.<\/p>\n","protected":false},"featured_media":14868,"template":"","meta":{"_acf_changed":false},"product_brand":[366],"product_cat":[801],"product_tag":[],"class_list":{"0":"post-14866","1":"product","2":"type-product","3":"status-publish","4":"has-post-thumbnail","6":"product_brand-alpinamed","7":"product_cat-a","8":"pa_packungsgroesse-100ml","10":"first","11":"instock","12":"shipping-taxable","13":"purchasable","14":"product-type-simple"},"acf":[],"_links":{"self":[{"href":"https:\/\/www.ernstbrunn-apotheke.at\/katalog\/wp-json\/wp\/v2\/product\/14866","targetHints":{"allow":["GET"]}}],"collection":[{"href":"https:\/\/www.ernstbrunn-apotheke.at\/katalog\/wp-json\/wp\/v2\/product"}],"about":[{"href":"https:\/\/www.ernstbrunn-apotheke.at\/katalog\/wp-json\/wp\/v2\/types\/product"}],"wp:featuredmedia":[{"embeddable":true,"href":"https:\/\/www.ernstbrunn-apotheke.at\/katalog\/wp-json\/wp\/v2\/media\/14868"}],"wp:attachment":[{"href":"https:\/\/www.ernstbrunn-apotheke.at\/katalog\/wp-json\/wp\/v2\/media?parent=14866"}],"wp:term":[{"taxonomy":"product_brand","embeddable":true,"href":"https:\/\/www.ernstbrunn-apotheke.at\/katalog\/wp-json\/wp\/v2\/product_brand?post=14866"},{"taxonomy":"product_cat","embeddable":true,"href":"https:\/\/www.ernstbrunn-apotheke.at\/katalog\/wp-json\/wp\/v2\/product_cat?post=14866"},{"taxonomy":"product_tag","embeddable":true,"href":"https:\/\/www.ernstbrunn-apotheke.at\/katalog\/wp-json\/wp\/v2\/product_tag?post=14866"}],"curies":[{"name":"wp","href":"https:\/\/api.w.org\/{rel}","templated":true}]}}