{"id":148605,"date":"2025-11-17T10:01:12","date_gmt":"2025-11-17T09:01:12","guid":{"rendered":"https:\/\/www.ernstbrunn-apotheke.at\/katalog\/produkt\/kalifornische-bluetenessenz-pink-yarrow-30-ml\/"},"modified":"2025-12-09T11:08:52","modified_gmt":"2025-12-09T10:08:52","slug":"kalifornische-bluetenessenz-pink-yarrow-30-ml","status":"publish","type":"product","link":"https:\/\/www.ernstbrunn-apotheke.at\/katalog\/produkt\/kalifornische-bluetenessenz-pink-yarrow-30-ml\/","title":{"rendered":"Kalifornische Bl\u00fctenessenz Pink Yarrow 30 ml"},"content":{"rendered":"<p>Kalifornische Bl\u00fctenessenzen Pink Yarrow hilft, sich durch Abgrenzung auf emotionaler und seelischer Ebene innerlich zu st\u00e4rken. Hilft Menschen, die sich von fremdem \u00c4rger infizieren lassen. Hilft Menschen, die mit dem Leid anderer zu tun haben, sich davon zu distanzieren und sich nicht negativ beeinflussen zu lassen.<\/p>\n","protected":false},"excerpt":{"rendered":"<p>Kalifornische Bl\u00fctenessenzen Pink Yarrow hilft, sich durch Abgrenzung auf emotionaler und seelischer Ebene innerlich zu st\u00e4rken. Hilft Menschen, die sich von fremdem \u00c4rger infizieren lassen. Hilft Menschen, die mit dem Leid anderer zu tun haben, sich davon zu distanzieren und sich nicht negativ beeinflussen zu lassen.<\/p>\n","protected":false},"featured_media":0,"template":"","meta":{"_acf_changed":false},"product_brand":[],"product_cat":[807],"product_tag":[],"class_list":{"0":"post-148605","1":"product","2":"type-product","3":"status-publish","5":"product_cat-k","6":"pa_packungsgroesse-30ml","8":"first","9":"instock","10":"shipping-taxable","11":"purchasable","12":"product-type-simple"},"acf":[],"_links":{"self":[{"href":"https:\/\/www.ernstbrunn-apotheke.at\/katalog\/wp-json\/wp\/v2\/product\/148605","targetHints":{"allow":["GET"]}}],"collection":[{"href":"https:\/\/www.ernstbrunn-apotheke.at\/katalog\/wp-json\/wp\/v2\/product"}],"about":[{"href":"https:\/\/www.ernstbrunn-apotheke.at\/katalog\/wp-json\/wp\/v2\/types\/product"}],"wp:attachment":[{"href":"https:\/\/www.ernstbrunn-apotheke.at\/katalog\/wp-json\/wp\/v2\/media?parent=148605"}],"wp:term":[{"taxonomy":"product_brand","embeddable":true,"href":"https:\/\/www.ernstbrunn-apotheke.at\/katalog\/wp-json\/wp\/v2\/product_brand?post=148605"},{"taxonomy":"product_cat","embeddable":true,"href":"https:\/\/www.ernstbrunn-apotheke.at\/katalog\/wp-json\/wp\/v2\/product_cat?post=148605"},{"taxonomy":"product_tag","embeddable":true,"href":"https:\/\/www.ernstbrunn-apotheke.at\/katalog\/wp-json\/wp\/v2\/product_tag?post=148605"}],"curies":[{"name":"wp","href":"https:\/\/api.w.org\/{rel}","templated":true}]}}