{"id":14854,"date":"2025-11-07T17:59:50","date_gmt":"2025-11-07T16:59:50","guid":{"rendered":"https:\/\/www.ernstbrunn-apotheke.at\/katalog\/produkt\/bronchostop-guaifenesin-10-akut-hustentropfen-50-ml\/"},"modified":"2025-12-08T13:49:21","modified_gmt":"2025-12-08T12:49:21","slug":"bronchostop-guaifenesin-10-akut-hustentropfen-50-ml","status":"publish","type":"product","link":"https:\/\/www.ernstbrunn-apotheke.at\/katalog\/produkt\/bronchostop-guaifenesin-10-akut-hustentropfen-50-ml\/","title":{"rendered":"Bronchostop Guaifenesin 10% akut Hustentropfen 50 ml"},"content":{"rendered":"<p>BRONCHOSTOP Guaifenesin 10% akut Hustentropfen verfl\u00fcssigen z\u00e4hen Bronchialschleim, f\u00f6rdern das Abhusten und lindern den Hustenreiz! Guaifenesin wirkt zus\u00e4tzlich krampfl\u00f6send auf die Muskulatur der Atemwege (Bronchialmuskulatur).<\/p>\n","protected":false},"excerpt":{"rendered":"<p>BRONCHOSTOP Guaifenesin 10% akut Hustentropfen verfl\u00fcssigen z\u00e4hen Bronchialschleim, f\u00f6rdern das Abhusten und lindern den Hustenreiz! Guaifenesin wirkt zus\u00e4tzlich krampfl\u00f6send auf die Muskulatur der Atemwege (Bronchialmuskulatur).<\/p>\n","protected":false},"featured_media":14856,"template":"","meta":{"_acf_changed":false},"product_brand":[554],"product_cat":[802],"product_tag":[],"class_list":{"0":"post-14854","1":"product","2":"type-product","3":"status-publish","4":"has-post-thumbnail","6":"product_brand-bronchostop","7":"product_cat-b","8":"pa_packungsgroesse-100ml","9":"pa_packungsgroesse-50ml","11":"first","12":"instock","13":"shipping-taxable","14":"purchasable","15":"product-type-simple"},"acf":[],"_links":{"self":[{"href":"https:\/\/www.ernstbrunn-apotheke.at\/katalog\/wp-json\/wp\/v2\/product\/14854","targetHints":{"allow":["GET"]}}],"collection":[{"href":"https:\/\/www.ernstbrunn-apotheke.at\/katalog\/wp-json\/wp\/v2\/product"}],"about":[{"href":"https:\/\/www.ernstbrunn-apotheke.at\/katalog\/wp-json\/wp\/v2\/types\/product"}],"wp:featuredmedia":[{"embeddable":true,"href":"https:\/\/www.ernstbrunn-apotheke.at\/katalog\/wp-json\/wp\/v2\/media\/14856"}],"wp:attachment":[{"href":"https:\/\/www.ernstbrunn-apotheke.at\/katalog\/wp-json\/wp\/v2\/media?parent=14854"}],"wp:term":[{"taxonomy":"product_brand","embeddable":true,"href":"https:\/\/www.ernstbrunn-apotheke.at\/katalog\/wp-json\/wp\/v2\/product_brand?post=14854"},{"taxonomy":"product_cat","embeddable":true,"href":"https:\/\/www.ernstbrunn-apotheke.at\/katalog\/wp-json\/wp\/v2\/product_cat?post=14854"},{"taxonomy":"product_tag","embeddable":true,"href":"https:\/\/www.ernstbrunn-apotheke.at\/katalog\/wp-json\/wp\/v2\/product_tag?post=14854"}],"curies":[{"name":"wp","href":"https:\/\/api.w.org\/{rel}","templated":true}]}}