{"id":14851,"date":"2025-11-07T17:59:50","date_gmt":"2025-11-07T16:59:50","guid":{"rendered":"https:\/\/www.ernstbrunn-apotheke.at\/katalog\/produkt\/mucobene-200-mg-loesbare-tabletten-20-stk\/"},"modified":"2025-12-08T13:49:20","modified_gmt":"2025-12-08T12:49:20","slug":"mucobene-200-mg-loesbare-tabletten-20-stk","status":"publish","type":"product","link":"https:\/\/www.ernstbrunn-apotheke.at\/katalog\/produkt\/mucobene-200-mg-loesbare-tabletten-20-stk\/","title":{"rendered":"Mucobene 200 mg l\u00f6sbare Tabletten 20 Stk."},"content":{"rendered":"<p>Mucobene 200 mg-l\u00f6sbare Tabletten eignen sich als Zusatztherapie zusammen mit reichlich Fl\u00fcssigkeit, zur Schleiml\u00f6sung und zum erleichterten Abhusten bei Atemwegserkrankungen (Lunge und Bronchien).<\/p>\n","protected":false},"excerpt":{"rendered":"<p>Mucobene 200 mg-l\u00f6sbare Tabletten eignen sich als Zusatztherapie zusammen mit reichlich Fl\u00fcssigkeit, zur Schleiml\u00f6sung und zum erleichterten Abhusten bei Atemwegserkrankungen (Lunge und Bronchien).<\/p>\n","protected":false},"featured_media":14853,"template":"","meta":{"_acf_changed":false},"product_brand":[],"product_cat":[800],"product_tag":[],"class_list":{"0":"post-14851","1":"product","2":"type-product","3":"status-publish","4":"has-post-thumbnail","6":"product_cat-m","7":"pa_packungsgroesse-20-stueck","9":"first","10":"instock","11":"shipping-taxable","12":"purchasable","13":"product-type-simple"},"acf":[],"_links":{"self":[{"href":"https:\/\/www.ernstbrunn-apotheke.at\/katalog\/wp-json\/wp\/v2\/product\/14851","targetHints":{"allow":["GET"]}}],"collection":[{"href":"https:\/\/www.ernstbrunn-apotheke.at\/katalog\/wp-json\/wp\/v2\/product"}],"about":[{"href":"https:\/\/www.ernstbrunn-apotheke.at\/katalog\/wp-json\/wp\/v2\/types\/product"}],"wp:featuredmedia":[{"embeddable":true,"href":"https:\/\/www.ernstbrunn-apotheke.at\/katalog\/wp-json\/wp\/v2\/media\/14853"}],"wp:attachment":[{"href":"https:\/\/www.ernstbrunn-apotheke.at\/katalog\/wp-json\/wp\/v2\/media?parent=14851"}],"wp:term":[{"taxonomy":"product_brand","embeddable":true,"href":"https:\/\/www.ernstbrunn-apotheke.at\/katalog\/wp-json\/wp\/v2\/product_brand?post=14851"},{"taxonomy":"product_cat","embeddable":true,"href":"https:\/\/www.ernstbrunn-apotheke.at\/katalog\/wp-json\/wp\/v2\/product_cat?post=14851"},{"taxonomy":"product_tag","embeddable":true,"href":"https:\/\/www.ernstbrunn-apotheke.at\/katalog\/wp-json\/wp\/v2\/product_tag?post=14851"}],"curies":[{"name":"wp","href":"https:\/\/api.w.org\/{rel}","templated":true}]}}