{"id":148288,"date":"2025-11-17T09:54:56","date_gmt":"2025-11-17T08:54:56","guid":{"rendered":"https:\/\/www.ernstbrunn-apotheke.at\/katalog\/produkt\/heliocare-360-pigment-solution-fluid-50-ml\/"},"modified":"2025-12-09T11:07:39","modified_gmt":"2025-12-09T10:07:39","slug":"heliocare-360-pigment-solution-fluid-50-ml","status":"publish","type":"product","link":"https:\/\/www.ernstbrunn-apotheke.at\/katalog\/produkt\/heliocare-360-pigment-solution-fluid-50-ml\/","title":{"rendered":"Heliocare 360\u00b0 Pigment Solution Fluid 50 ml"},"content":{"rendered":"<div>&#13;<\/p>\n<p><strong>Verhindert und reduziert Hyperpigmentierung<\/strong><\/p>\n<p>&#13;\n<\/p><\/div>\n<p>&#13;<\/p>\n<div>&#13;<\/p>\n<p>\u00a0<\/p>\n<p>&#13;<\/p>\n<ul>&#13;<\/p>\n<li>Fernblock\u00ae+: Sehr hohe Photoimmunschutzaktivit\u00e4t<\/li>\n<p>&#13;<\/p>\n<li>Kombination von chemischen und mineralischen Filtern<\/li>\n<p>&#13;<\/p>\n<li>Unterst\u00fctzt das hauteigene Immunsystem<\/li>\n<p>&#13;<\/p>\n<li>Ultraleichtes Fluid zur Vorbeugung und Korrektur sonnenbedingter Hyperpigmentierung<\/li>\n<p>&#13;<\/p>\n<li>Exzellente Make-up Grundlage<\/li>\n<p>&#13;<\/p>\n<li>Perfekt f\u00fcr alle Hauttypen<\/li>\n<p>&#13;<\/p>\n<li>Wasser- und schwei\u00dffest<\/li>\n<p>&#13;<\/p>\n<li>Sehr gute Augenvertr\u00e4glichkeit<\/li>\n<p>&#13;\n<\/ul>\n<p>&#13;\n<\/p><\/div>\n","protected":false},"excerpt":{"rendered":"<p>&#13; Verhindert und reduziert Hyperpigmentierung &#13; &#13; &#13; \u00a0 &#13; &#13; Fernblock\u00ae+: Sehr hohe Photoimmunschutzaktivit\u00e4t &#13; Kombination von chemischen und mineralischen Filtern &#13; Unterst\u00fctzt das hauteigene Immunsystem &#13; Ultraleichtes Fluid zur Vorbeugung und Korrektur sonnenbedingter Hyperpigmentierung &#13; Exzellente Make-up Grundlage &#13; Perfekt f\u00fcr alle Hauttypen &#13; Wasser- und schwei\u00dffest &#13; Sehr gute Augenvertr\u00e4glichkeit &#13; &#13;<\/p>\n","protected":false},"featured_media":148290,"template":"","meta":{"_acf_changed":false},"product_brand":[1026],"product_cat":[805],"product_tag":[],"class_list":{"0":"post-148288","1":"product","2":"type-product","3":"status-publish","4":"has-post-thumbnail","6":"product_brand-heliocare","7":"product_cat-h","8":"pa_packungsgroesse-50ml","10":"first","11":"instock","12":"shipping-taxable","13":"purchasable","14":"product-type-simple"},"acf":[],"_links":{"self":[{"href":"https:\/\/www.ernstbrunn-apotheke.at\/katalog\/wp-json\/wp\/v2\/product\/148288","targetHints":{"allow":["GET"]}}],"collection":[{"href":"https:\/\/www.ernstbrunn-apotheke.at\/katalog\/wp-json\/wp\/v2\/product"}],"about":[{"href":"https:\/\/www.ernstbrunn-apotheke.at\/katalog\/wp-json\/wp\/v2\/types\/product"}],"wp:featuredmedia":[{"embeddable":true,"href":"https:\/\/www.ernstbrunn-apotheke.at\/katalog\/wp-json\/wp\/v2\/media\/148290"}],"wp:attachment":[{"href":"https:\/\/www.ernstbrunn-apotheke.at\/katalog\/wp-json\/wp\/v2\/media?parent=148288"}],"wp:term":[{"taxonomy":"product_brand","embeddable":true,"href":"https:\/\/www.ernstbrunn-apotheke.at\/katalog\/wp-json\/wp\/v2\/product_brand?post=148288"},{"taxonomy":"product_cat","embeddable":true,"href":"https:\/\/www.ernstbrunn-apotheke.at\/katalog\/wp-json\/wp\/v2\/product_cat?post=148288"},{"taxonomy":"product_tag","embeddable":true,"href":"https:\/\/www.ernstbrunn-apotheke.at\/katalog\/wp-json\/wp\/v2\/product_tag?post=148288"}],"curies":[{"name":"wp","href":"https:\/\/api.w.org\/{rel}","templated":true}]}}