{"id":14828,"date":"2025-11-07T17:59:09","date_gmt":"2025-11-07T16:59:09","guid":{"rendered":"https:\/\/www.ernstbrunn-apotheke.at\/katalog\/produkt\/baby-luuf-aetherische-oele-balsam\/"},"modified":"2025-12-08T13:49:10","modified_gmt":"2025-12-08T12:49:10","slug":"baby-luuf-aetherische-oele-balsam","status":"publish","type":"product","link":"https:\/\/www.ernstbrunn-apotheke.at\/katalog\/produkt\/baby-luuf-aetherische-oele-balsam\/","title":{"rendered":"Baby &#8211; Luuf \u00c4therische \u00d6le Balsam"},"content":{"rendered":"<p>Baby LUUF\u00ae \u00e4therische \u00d6le Balsam wurde speziell f\u00fcr S\u00e4uglinge ab dem 6. Lebensmonat und Kleinkinder bis zum vollendeten 2. Lebensjahr entwickelt und auf deren Bed\u00fcrfnisse abgestimmt. Zudem enth\u00e4lt er auch kein Menthol und keinen Kampfer.Baby LUUF\u00ae \u00e4therische \u00d6le Balsam hilft bei Erk\u00e4ltungskrankheiten mit Husten, Schnupfen sowie Rachenkatarrh und wirkt keimhemmend, krampf- und schleiml\u00f6send.<\/p>\n","protected":false},"excerpt":{"rendered":"<p>Baby LUUF\u00ae \u00e4therische \u00d6le Balsam wurde speziell f\u00fcr S\u00e4uglinge ab dem 6. Lebensmonat und Kleinkinder bis zum vollendeten 2. Lebensjahr entwickelt und auf deren Bed\u00fcrfnisse abgestimmt. Zudem enth\u00e4lt er auch kein Menthol und keinen Kampfer.Baby LUUF\u00ae \u00e4therische \u00d6le Balsam hilft bei Erk\u00e4ltungskrankheiten mit Husten, Schnupfen sowie Rachenkatarrh und wirkt keimhemmend, krampf- und schleiml\u00f6send.<\/p>\n","protected":false},"featured_media":14830,"template":"","meta":{"_acf_changed":false},"product_brand":[566],"product_cat":[802],"product_tag":[],"class_list":{"0":"post-14828","1":"product","2":"type-product","3":"status-publish","4":"has-post-thumbnail","6":"product_brand-luuf","7":"product_cat-b","8":"pa_packungsgroesse-30g","10":"first","11":"instock","12":"shipping-taxable","13":"purchasable","14":"product-type-simple"},"acf":[],"_links":{"self":[{"href":"https:\/\/www.ernstbrunn-apotheke.at\/katalog\/wp-json\/wp\/v2\/product\/14828","targetHints":{"allow":["GET"]}}],"collection":[{"href":"https:\/\/www.ernstbrunn-apotheke.at\/katalog\/wp-json\/wp\/v2\/product"}],"about":[{"href":"https:\/\/www.ernstbrunn-apotheke.at\/katalog\/wp-json\/wp\/v2\/types\/product"}],"wp:featuredmedia":[{"embeddable":true,"href":"https:\/\/www.ernstbrunn-apotheke.at\/katalog\/wp-json\/wp\/v2\/media\/14830"}],"wp:attachment":[{"href":"https:\/\/www.ernstbrunn-apotheke.at\/katalog\/wp-json\/wp\/v2\/media?parent=14828"}],"wp:term":[{"taxonomy":"product_brand","embeddable":true,"href":"https:\/\/www.ernstbrunn-apotheke.at\/katalog\/wp-json\/wp\/v2\/product_brand?post=14828"},{"taxonomy":"product_cat","embeddable":true,"href":"https:\/\/www.ernstbrunn-apotheke.at\/katalog\/wp-json\/wp\/v2\/product_cat?post=14828"},{"taxonomy":"product_tag","embeddable":true,"href":"https:\/\/www.ernstbrunn-apotheke.at\/katalog\/wp-json\/wp\/v2\/product_tag?post=14828"}],"curies":[{"name":"wp","href":"https:\/\/api.w.org\/{rel}","templated":true}]}}