{"id":14802,"date":"2025-11-07T17:59:09","date_gmt":"2025-11-07T16:59:09","guid":{"rendered":"https:\/\/www.ernstbrunn-apotheke.at\/katalog\/produkt\/tussimont-hustenbonbons-zuckerfrei-75-g\/"},"modified":"2025-12-08T13:49:04","modified_gmt":"2025-12-08T12:49:04","slug":"tussimont-hustenbonbons-zuckerfrei-75-g","status":"publish","type":"product","link":"https:\/\/www.ernstbrunn-apotheke.at\/katalog\/produkt\/tussimont-hustenbonbons-zuckerfrei-75-g\/","title":{"rendered":"Tussimont Hustenbonbons zuckerfrei 75 g"},"content":{"rendered":"<p>So vorz\u00fcglich k\u00f6nnen \u00e4therische \u00d6le, Kr\u00e4uter und Vitamine schmecken! TUSSIMONT HUSTENBONBONS enthalten bew\u00e4hrte Extrakte aus ausgew\u00e4hlten Kr\u00e4utern sowie \u00e4therisches Eukalyptus\u00f6l, Vitamin C und Menthol. Schon w\u00e4hrend TUSSIMONT HUSTENBONBONS im Mund zergehen, entfalten Sie Ihre wohltuende Wirkung auf die Atemwege. Durch den aromatischen, erfrischenden Geschmack schaffen TUSSIMONT HUSTENBONBONS Beruhigung bei Reizungen des Hals- und Rachenraumes.<\/p>\n","protected":false},"excerpt":{"rendered":"<p>So vorz\u00fcglich k\u00f6nnen \u00e4therische \u00d6le, Kr\u00e4uter und Vitamine schmecken! TUSSIMONT HUSTENBONBONS enthalten bew\u00e4hrte Extrakte aus ausgew\u00e4hlten Kr\u00e4utern sowie \u00e4therisches Eukalyptus\u00f6l, Vitamin C und Menthol. Schon w\u00e4hrend TUSSIMONT HUSTENBONBONS im Mund zergehen, entfalten Sie Ihre wohltuende Wirkung auf die Atemwege. Durch den aromatischen, erfrischenden Geschmack schaffen TUSSIMONT HUSTENBONBONS Beruhigung bei Reizungen des Hals- und Rachenraumes.<\/p>\n","protected":false},"featured_media":14804,"template":"","meta":{"_acf_changed":false},"product_brand":[],"product_cat":[798],"product_tag":[],"class_list":{"0":"post-14802","1":"product","2":"type-product","3":"status-publish","4":"has-post-thumbnail","6":"product_cat-t","7":"pa_packungsgroesse-75g","9":"first","10":"instock","11":"shipping-taxable","12":"purchasable","13":"product-type-simple"},"acf":[],"_links":{"self":[{"href":"https:\/\/www.ernstbrunn-apotheke.at\/katalog\/wp-json\/wp\/v2\/product\/14802","targetHints":{"allow":["GET"]}}],"collection":[{"href":"https:\/\/www.ernstbrunn-apotheke.at\/katalog\/wp-json\/wp\/v2\/product"}],"about":[{"href":"https:\/\/www.ernstbrunn-apotheke.at\/katalog\/wp-json\/wp\/v2\/types\/product"}],"wp:featuredmedia":[{"embeddable":true,"href":"https:\/\/www.ernstbrunn-apotheke.at\/katalog\/wp-json\/wp\/v2\/media\/14804"}],"wp:attachment":[{"href":"https:\/\/www.ernstbrunn-apotheke.at\/katalog\/wp-json\/wp\/v2\/media?parent=14802"}],"wp:term":[{"taxonomy":"product_brand","embeddable":true,"href":"https:\/\/www.ernstbrunn-apotheke.at\/katalog\/wp-json\/wp\/v2\/product_brand?post=14802"},{"taxonomy":"product_cat","embeddable":true,"href":"https:\/\/www.ernstbrunn-apotheke.at\/katalog\/wp-json\/wp\/v2\/product_cat?post=14802"},{"taxonomy":"product_tag","embeddable":true,"href":"https:\/\/www.ernstbrunn-apotheke.at\/katalog\/wp-json\/wp\/v2\/product_tag?post=14802"}],"curies":[{"name":"wp","href":"https:\/\/api.w.org\/{rel}","templated":true}]}}