{"id":14797,"date":"2025-11-07T17:59:09","date_gmt":"2025-11-07T16:59:09","guid":{"rendered":"https:\/\/www.ernstbrunn-apotheke.at\/katalog\/produkt\/tussimont-hustensaft\/"},"modified":"2025-12-08T13:49:03","modified_gmt":"2025-12-08T12:49:03","slug":"tussimont-hustensaft","status":"publish","type":"product","link":"https:\/\/www.ernstbrunn-apotheke.at\/katalog\/produkt\/tussimont-hustensaft\/","title":{"rendered":"Tussimont Hustensaft"},"content":{"rendered":"<p>Tussimont Hustensaft verfl\u00fcssigt z\u00e4hen und gestauten Bronchialschleim, beschleunigt das Abhusten des Sekrets und lindert den Hustenreiz. Die Fluidextrakte von Thymianbl\u00e4ttern und Senegawurzeln wirken schleiml\u00f6send, krampfl\u00f6send und schleimf\u00f6rdernd. Das \u00e4therische Thymian\u00f6l des Extraktes besitzt zus\u00e4tzlich desinfizierende (antimikrobielle) Wirkung und beeinflusst vorteilhaft Magen- und Darmtrakt.<\/p>\n","protected":false},"excerpt":{"rendered":"<p>Tussimont Hustensaft verfl\u00fcssigt z\u00e4hen und gestauten Bronchialschleim, beschleunigt das Abhusten des Sekrets und lindert den Hustenreiz. Die Fluidextrakte von Thymianbl\u00e4ttern und Senegawurzeln wirken schleiml\u00f6send, krampfl\u00f6send und schleimf\u00f6rdernd. Das \u00e4therische Thymian\u00f6l des Extraktes besitzt zus\u00e4tzlich desinfizierende (antimikrobielle) Wirkung und beeinflusst vorteilhaft Magen- und Darmtrakt.<\/p>\n","protected":false},"featured_media":14799,"template":"","meta":{"_acf_changed":false},"product_brand":[],"product_cat":[798],"product_tag":[],"class_list":{"0":"post-14797","1":"product","2":"type-product","3":"status-publish","4":"has-post-thumbnail","6":"product_cat-t","7":"pa_packungsgroesse-120g","8":"pa_packungsgroesse-180g","10":"first","11":"instock","12":"shipping-taxable","13":"purchasable","14":"product-type-simple"},"acf":[],"_links":{"self":[{"href":"https:\/\/www.ernstbrunn-apotheke.at\/katalog\/wp-json\/wp\/v2\/product\/14797","targetHints":{"allow":["GET"]}}],"collection":[{"href":"https:\/\/www.ernstbrunn-apotheke.at\/katalog\/wp-json\/wp\/v2\/product"}],"about":[{"href":"https:\/\/www.ernstbrunn-apotheke.at\/katalog\/wp-json\/wp\/v2\/types\/product"}],"wp:featuredmedia":[{"embeddable":true,"href":"https:\/\/www.ernstbrunn-apotheke.at\/katalog\/wp-json\/wp\/v2\/media\/14799"}],"wp:attachment":[{"href":"https:\/\/www.ernstbrunn-apotheke.at\/katalog\/wp-json\/wp\/v2\/media?parent=14797"}],"wp:term":[{"taxonomy":"product_brand","embeddable":true,"href":"https:\/\/www.ernstbrunn-apotheke.at\/katalog\/wp-json\/wp\/v2\/product_brand?post=14797"},{"taxonomy":"product_cat","embeddable":true,"href":"https:\/\/www.ernstbrunn-apotheke.at\/katalog\/wp-json\/wp\/v2\/product_cat?post=14797"},{"taxonomy":"product_tag","embeddable":true,"href":"https:\/\/www.ernstbrunn-apotheke.at\/katalog\/wp-json\/wp\/v2\/product_tag?post=14797"}],"curies":[{"name":"wp","href":"https:\/\/api.w.org\/{rel}","templated":true}]}}