{"id":147886,"date":"2025-11-17T08:41:14","date_gmt":"2025-11-17T07:41:14","guid":{"rendered":"https:\/\/www.ernstbrunn-apotheke.at\/katalog\/produkt\/fusspunkt-schrunden-wunder-125-ml\/"},"modified":"2025-12-09T11:06:00","modified_gmt":"2025-12-09T10:06:00","slug":"fusspunkt-schrunden-wunder-125-ml","status":"publish","type":"product","link":"https:\/\/www.ernstbrunn-apotheke.at\/katalog\/produkt\/fusspunkt-schrunden-wunder-125-ml\/","title":{"rendered":"Fu\u00dfpunkt Schrunden-Wunder 125 ml"},"content":{"rendered":"<p>Fu\u00dfpunkt Schrunden-Wunder beinhaltet eine effektive Mischung aus feuchtigkeitsspendendem Urea (15%) und pflegendem Nachtkerzen\u00f6l. Die Haut wird weich und geschmeidig und vor \u00e4u\u00dferen Einfl\u00fcssen gesch\u00fctzt. Vor allem unangenehmen Schrunden, Rissen und R\u00f6tungen in der Haut wird vorgebeugt.<\/p>\n","protected":false},"excerpt":{"rendered":"<p>Fu\u00dfpunkt Schrunden-Wunder beinhaltet eine effektive Mischung aus feuchtigkeitsspendendem Urea (15%) und pflegendem Nachtkerzen\u00f6l. Die Haut wird weich und geschmeidig und vor \u00e4u\u00dferen Einfl\u00fcssen gesch\u00fctzt. Vor allem unangenehmen Schrunden, Rissen und R\u00f6tungen in der Haut wird vorgebeugt.<\/p>\n","protected":false},"featured_media":0,"template":"","meta":{"_acf_changed":false},"product_brand":[],"product_cat":[809],"product_tag":[],"class_list":{"0":"post-147886","1":"product","2":"type-product","3":"status-publish","5":"product_cat-f","6":"pa_packungsgroesse-125ml","8":"first","9":"instock","10":"shipping-taxable","11":"purchasable","12":"product-type-simple"},"acf":[],"_links":{"self":[{"href":"https:\/\/www.ernstbrunn-apotheke.at\/katalog\/wp-json\/wp\/v2\/product\/147886","targetHints":{"allow":["GET"]}}],"collection":[{"href":"https:\/\/www.ernstbrunn-apotheke.at\/katalog\/wp-json\/wp\/v2\/product"}],"about":[{"href":"https:\/\/www.ernstbrunn-apotheke.at\/katalog\/wp-json\/wp\/v2\/types\/product"}],"wp:attachment":[{"href":"https:\/\/www.ernstbrunn-apotheke.at\/katalog\/wp-json\/wp\/v2\/media?parent=147886"}],"wp:term":[{"taxonomy":"product_brand","embeddable":true,"href":"https:\/\/www.ernstbrunn-apotheke.at\/katalog\/wp-json\/wp\/v2\/product_brand?post=147886"},{"taxonomy":"product_cat","embeddable":true,"href":"https:\/\/www.ernstbrunn-apotheke.at\/katalog\/wp-json\/wp\/v2\/product_cat?post=147886"},{"taxonomy":"product_tag","embeddable":true,"href":"https:\/\/www.ernstbrunn-apotheke.at\/katalog\/wp-json\/wp\/v2\/product_tag?post=147886"}],"curies":[{"name":"wp","href":"https:\/\/api.w.org\/{rel}","templated":true}]}}