{"id":147329,"date":"2025-11-17T08:29:41","date_gmt":"2025-11-17T07:29:41","guid":{"rendered":"https:\/\/www.ernstbrunn-apotheke.at\/katalog\/produkt\/schaelkur-eidechse-intensiv-20-ml\/"},"modified":"2025-12-09T11:03:42","modified_gmt":"2025-12-09T10:03:42","slug":"schaelkur-eidechse-intensiv-20-ml","status":"publish","type":"product","link":"https:\/\/www.ernstbrunn-apotheke.at\/katalog\/produkt\/schaelkur-eidechse-intensiv-20-ml\/","title":{"rendered":"Sch\u00e4lkur Eidechse intensiv 20 ml"},"content":{"rendered":"<p>Die Sch\u00e4lkur dient zur Behandlung von H\u00fchneraugen und Hornhaut.<\/p>\n<p>&#13;<\/p>\n<p>\u00a0<\/p>\n<p>&#13;<\/p>\n<p><strong>Wirkung<\/strong><\/p>\n<p>&#13;<\/p>\n<p>W\u00e4hrend die in der Sch\u00e4lkur enthaltene Salicyls\u00e4ure bewirkt, dass die Haut sich langsam, Schicht f\u00fcr Schicht, abl\u00f6st, unterst\u00fctzt Allantoin den Heilungsprozess der Haut und stimuliert dabei das Zellwachstum. Dadurch wird die Haut sp\u00fcrbar weicher und gesch\u00fctzt.<\/p>\n","protected":false},"excerpt":{"rendered":"<p>Die Sch\u00e4lkur dient zur Behandlung von H\u00fchneraugen und Hornhaut. &#13; \u00a0 &#13; Wirkung &#13; W\u00e4hrend die in der Sch\u00e4lkur enthaltene Salicyls\u00e4ure bewirkt, dass die Haut sich langsam, Schicht f\u00fcr Schicht, abl\u00f6st, unterst\u00fctzt Allantoin den Heilungsprozess der Haut und stimuliert dabei das Zellwachstum. Dadurch wird die Haut sp\u00fcrbar weicher und gesch\u00fctzt.<\/p>\n","protected":false},"featured_media":147331,"template":"","meta":{"_acf_changed":false},"product_brand":[],"product_cat":[791],"product_tag":[],"class_list":{"0":"post-147329","1":"product","2":"type-product","3":"status-publish","4":"has-post-thumbnail","6":"product_cat-s","7":"pa_packungsgroesse-20ml","9":"first","10":"instock","11":"shipping-taxable","12":"purchasable","13":"product-type-simple"},"acf":[],"_links":{"self":[{"href":"https:\/\/www.ernstbrunn-apotheke.at\/katalog\/wp-json\/wp\/v2\/product\/147329","targetHints":{"allow":["GET"]}}],"collection":[{"href":"https:\/\/www.ernstbrunn-apotheke.at\/katalog\/wp-json\/wp\/v2\/product"}],"about":[{"href":"https:\/\/www.ernstbrunn-apotheke.at\/katalog\/wp-json\/wp\/v2\/types\/product"}],"wp:featuredmedia":[{"embeddable":true,"href":"https:\/\/www.ernstbrunn-apotheke.at\/katalog\/wp-json\/wp\/v2\/media\/147331"}],"wp:attachment":[{"href":"https:\/\/www.ernstbrunn-apotheke.at\/katalog\/wp-json\/wp\/v2\/media?parent=147329"}],"wp:term":[{"taxonomy":"product_brand","embeddable":true,"href":"https:\/\/www.ernstbrunn-apotheke.at\/katalog\/wp-json\/wp\/v2\/product_brand?post=147329"},{"taxonomy":"product_cat","embeddable":true,"href":"https:\/\/www.ernstbrunn-apotheke.at\/katalog\/wp-json\/wp\/v2\/product_cat?post=147329"},{"taxonomy":"product_tag","embeddable":true,"href":"https:\/\/www.ernstbrunn-apotheke.at\/katalog\/wp-json\/wp\/v2\/product_tag?post=147329"}],"curies":[{"name":"wp","href":"https:\/\/api.w.org\/{rel}","templated":true}]}}