{"id":146894,"date":"2025-11-17T06:34:43","date_gmt":"2025-11-17T05:34:43","guid":{"rendered":"https:\/\/www.ernstbrunn-apotheke.at\/katalog\/produkt\/detia-biotonnen-pulver-500-g\/"},"modified":"2025-12-09T11:01:51","modified_gmt":"2025-12-09T10:01:51","slug":"detia-biotonnen-pulver-500-g","status":"publish","type":"product","link":"https:\/\/www.ernstbrunn-apotheke.at\/katalog\/produkt\/detia-biotonnen-pulver-500-g\/","title":{"rendered":"Detia Biotonnen Pulver 500 g"},"content":{"rendered":"<p>Detia Biotonnen Pulver sch\u00fctzt Bio-Abf\u00e4lle vor Maden, Schmei\u00df- und Stubenfliegen und anderem Ungeziefer. Das Pulver ist biologisch abbaubar, kompostierbar, verhindert die Entstehung von Schimmelpilzen und \u00fcberdeckt Ger\u00fcche .<\/p>\n","protected":false},"excerpt":{"rendered":"<p>Detia Biotonnen Pulver sch\u00fctzt Bio-Abf\u00e4lle vor Maden, Schmei\u00df- und Stubenfliegen und anderem Ungeziefer. Das Pulver ist biologisch abbaubar, kompostierbar, verhindert die Entstehung von Schimmelpilzen und \u00fcberdeckt Ger\u00fcche .<\/p>\n","protected":false},"featured_media":146896,"template":"","meta":{"_acf_changed":false},"product_brand":[],"product_cat":[792],"product_tag":[],"class_list":{"0":"post-146894","1":"product","2":"type-product","3":"status-publish","4":"has-post-thumbnail","6":"product_cat-d","7":"pa_packungsgroesse-500g","9":"first","10":"instock","11":"shipping-taxable","12":"purchasable","13":"product-type-simple"},"acf":[],"_links":{"self":[{"href":"https:\/\/www.ernstbrunn-apotheke.at\/katalog\/wp-json\/wp\/v2\/product\/146894","targetHints":{"allow":["GET"]}}],"collection":[{"href":"https:\/\/www.ernstbrunn-apotheke.at\/katalog\/wp-json\/wp\/v2\/product"}],"about":[{"href":"https:\/\/www.ernstbrunn-apotheke.at\/katalog\/wp-json\/wp\/v2\/types\/product"}],"wp:featuredmedia":[{"embeddable":true,"href":"https:\/\/www.ernstbrunn-apotheke.at\/katalog\/wp-json\/wp\/v2\/media\/146896"}],"wp:attachment":[{"href":"https:\/\/www.ernstbrunn-apotheke.at\/katalog\/wp-json\/wp\/v2\/media?parent=146894"}],"wp:term":[{"taxonomy":"product_brand","embeddable":true,"href":"https:\/\/www.ernstbrunn-apotheke.at\/katalog\/wp-json\/wp\/v2\/product_brand?post=146894"},{"taxonomy":"product_cat","embeddable":true,"href":"https:\/\/www.ernstbrunn-apotheke.at\/katalog\/wp-json\/wp\/v2\/product_cat?post=146894"},{"taxonomy":"product_tag","embeddable":true,"href":"https:\/\/www.ernstbrunn-apotheke.at\/katalog\/wp-json\/wp\/v2\/product_tag?post=146894"}],"curies":[{"name":"wp","href":"https:\/\/api.w.org\/{rel}","templated":true}]}}