{"id":14640,"date":"2025-11-07T17:52:33","date_gmt":"2025-11-07T16:52:33","guid":{"rendered":"https:\/\/www.ernstbrunn-apotheke.at\/katalog\/produkt\/propolaid-propolis-hals-spray-20-ml\/"},"modified":"2025-12-08T13:48:25","modified_gmt":"2025-12-08T12:48:25","slug":"propolaid-propolis-hals-spray-20-ml","status":"publish","type":"product","link":"https:\/\/www.ernstbrunn-apotheke.at\/katalog\/produkt\/propolaid-propolis-hals-spray-20-ml\/","title":{"rendered":"Propolaid Propolis Hals Spray 20 ml"},"content":{"rendered":"<p>Propolaid Propolis Halsspray unterst\u00fctzt die normale Funktion der oberen Atemwege. Seine alkoholfreie Wirkungsformel mit Propolisextrakt und \u00e4therischem Minz\u00f6l wirkt wohltuend auf die Schleimh\u00e4ute. Damit Sie wieder frei durchatmen k\u00f6nnen.<\/p>\n","protected":false},"excerpt":{"rendered":"<p>Propolaid Propolis Halsspray unterst\u00fctzt die normale Funktion der oberen Atemwege. Seine alkoholfreie Wirkungsformel mit Propolisextrakt und \u00e4therischem Minz\u00f6l wirkt wohltuend auf die Schleimh\u00e4ute. Damit Sie wieder frei durchatmen k\u00f6nnen.<\/p>\n","protected":false},"featured_media":14642,"template":"","meta":{"_acf_changed":false},"product_brand":[],"product_cat":[793],"product_tag":[],"class_list":{"0":"post-14640","1":"product","2":"type-product","3":"status-publish","4":"has-post-thumbnail","6":"product_cat-p","7":"pa_packungsgroesse-20ml","9":"first","10":"instock","11":"shipping-taxable","12":"purchasable","13":"product-type-simple"},"acf":[],"_links":{"self":[{"href":"https:\/\/www.ernstbrunn-apotheke.at\/katalog\/wp-json\/wp\/v2\/product\/14640","targetHints":{"allow":["GET"]}}],"collection":[{"href":"https:\/\/www.ernstbrunn-apotheke.at\/katalog\/wp-json\/wp\/v2\/product"}],"about":[{"href":"https:\/\/www.ernstbrunn-apotheke.at\/katalog\/wp-json\/wp\/v2\/types\/product"}],"wp:featuredmedia":[{"embeddable":true,"href":"https:\/\/www.ernstbrunn-apotheke.at\/katalog\/wp-json\/wp\/v2\/media\/14642"}],"wp:attachment":[{"href":"https:\/\/www.ernstbrunn-apotheke.at\/katalog\/wp-json\/wp\/v2\/media?parent=14640"}],"wp:term":[{"taxonomy":"product_brand","embeddable":true,"href":"https:\/\/www.ernstbrunn-apotheke.at\/katalog\/wp-json\/wp\/v2\/product_brand?post=14640"},{"taxonomy":"product_cat","embeddable":true,"href":"https:\/\/www.ernstbrunn-apotheke.at\/katalog\/wp-json\/wp\/v2\/product_cat?post=14640"},{"taxonomy":"product_tag","embeddable":true,"href":"https:\/\/www.ernstbrunn-apotheke.at\/katalog\/wp-json\/wp\/v2\/product_tag?post=14640"}],"curies":[{"name":"wp","href":"https:\/\/api.w.org\/{rel}","templated":true}]}}