{"id":146319,"date":"2025-11-17T06:23:28","date_gmt":"2025-11-17T05:23:28","guid":{"rendered":"https:\/\/www.ernstbrunn-apotheke.at\/katalog\/produkt\/st-severin-brennnesselblaetter-salbe\/"},"modified":"2025-12-09T10:59:14","modified_gmt":"2025-12-09T09:59:14","slug":"st-severin-brennnesselblaetter-salbe","status":"publish","type":"product","link":"https:\/\/www.ernstbrunn-apotheke.at\/katalog\/produkt\/st-severin-brennnesselblaetter-salbe\/","title":{"rendered":"St. Severin Brennnesselbl\u00e4tter Salbe"},"content":{"rendered":"<p>Die Brennnessel und ihre Bl\u00e4tter werden seit Jahrhunderten medizinisch genutzt und aufgrund der vielf\u00e4ltigen Eigenschaften sehr gesch\u00e4tzt. Die Brennnesselbl\u00e4tter Salbe enth\u00e4lt eine wertvolle Kombination aus hochwertigen Inhaltsstoffen. Sie wird verwendet bei leichten Sonnenbr\u00e4nden, Hautleiden sowie bei empfindlicher Haut als Pflege und zur St\u00e4rkung.<\/p>\n<p>Ingredients: Lanolin, Alcohol, Simmondsis Chinensis Seed Oil, Prunus Amygdalus Dulcis Oil, Aqua, Urtica Dioica Leaf Extract.<\/p>\n","protected":false},"excerpt":{"rendered":"<p>Die Brennnessel und ihre Bl\u00e4tter werden seit Jahrhunderten medizinisch genutzt und aufgrund der vielf\u00e4ltigen Eigenschaften sehr gesch\u00e4tzt. Die Brennnesselbl\u00e4tter Salbe enth\u00e4lt eine wertvolle Kombination aus hochwertigen Inhaltsstoffen. Sie wird verwendet bei leichten Sonnenbr\u00e4nden, Hautleiden sowie bei empfindlicher Haut als Pflege und zur St\u00e4rkung. Ingredients: Lanolin, Alcohol, Simmondsis Chinensis Seed Oil, Prunus Amygdalus Dulcis Oil, Aqua, [&hellip;]<\/p>\n","protected":false},"featured_media":146321,"template":"","meta":{"_acf_changed":false},"product_brand":[435],"product_cat":[791],"product_tag":[],"class_list":{"0":"post-146319","1":"product","2":"type-product","3":"status-publish","4":"has-post-thumbnail","6":"product_brand-st-severin","7":"product_cat-s","8":"pa_packungsgroesse-90g","10":"first","11":"instock","12":"shipping-taxable","13":"purchasable","14":"product-type-simple"},"acf":[],"_links":{"self":[{"href":"https:\/\/www.ernstbrunn-apotheke.at\/katalog\/wp-json\/wp\/v2\/product\/146319","targetHints":{"allow":["GET"]}}],"collection":[{"href":"https:\/\/www.ernstbrunn-apotheke.at\/katalog\/wp-json\/wp\/v2\/product"}],"about":[{"href":"https:\/\/www.ernstbrunn-apotheke.at\/katalog\/wp-json\/wp\/v2\/types\/product"}],"wp:featuredmedia":[{"embeddable":true,"href":"https:\/\/www.ernstbrunn-apotheke.at\/katalog\/wp-json\/wp\/v2\/media\/146321"}],"wp:attachment":[{"href":"https:\/\/www.ernstbrunn-apotheke.at\/katalog\/wp-json\/wp\/v2\/media?parent=146319"}],"wp:term":[{"taxonomy":"product_brand","embeddable":true,"href":"https:\/\/www.ernstbrunn-apotheke.at\/katalog\/wp-json\/wp\/v2\/product_brand?post=146319"},{"taxonomy":"product_cat","embeddable":true,"href":"https:\/\/www.ernstbrunn-apotheke.at\/katalog\/wp-json\/wp\/v2\/product_cat?post=146319"},{"taxonomy":"product_tag","embeddable":true,"href":"https:\/\/www.ernstbrunn-apotheke.at\/katalog\/wp-json\/wp\/v2\/product_tag?post=146319"}],"curies":[{"name":"wp","href":"https:\/\/api.w.org\/{rel}","templated":true}]}}