{"id":14611,"date":"2025-11-07T17:52:33","date_gmt":"2025-11-07T16:52:33","guid":{"rendered":"https:\/\/www.ernstbrunn-apotheke.at\/katalog\/produkt\/isla-med-hydro-kirsche-pastillen-50-stk\/"},"modified":"2025-12-08T13:48:18","modified_gmt":"2025-12-08T12:48:18","slug":"isla-med-hydro-kirsche-pastillen-50-stk","status":"publish","type":"product","link":"https:\/\/www.ernstbrunn-apotheke.at\/katalog\/produkt\/isla-med-hydro-kirsche-pastillen-50-stk\/","title":{"rendered":"isla med hydro+ Kirsche Pastillen 50 Stk."},"content":{"rendered":"<p>isla\u00ae med hydro+ Kirsche Halspastillen wird zur Linderung bei typischen Erk\u00e4ltungs- bzw. Halsbeschwerden wie Hustenreiz und Heiserkeit sowie bei trockenen Schleimh\u00e4uten und Stimmbandreizungen angewendet. Die Halspastillen mit dem Hydrogel-Komplex mit Hyalurons\u00e4ure und pflanzlichem Isl\u00e4ndisch Moos sch\u00fctzen effektiv die Mund- und Rachenschleimhaut und schmecken dabei fruchtig nach Kirsche.<\/p>\n","protected":false},"excerpt":{"rendered":"<p>isla\u00ae med hydro+ Kirsche Halspastillen wird zur Linderung bei typischen Erk\u00e4ltungs- bzw. Halsbeschwerden wie Hustenreiz und Heiserkeit sowie bei trockenen Schleimh\u00e4uten und Stimmbandreizungen angewendet. Die Halspastillen mit dem Hydrogel-Komplex mit Hyalurons\u00e4ure und pflanzlichem Isl\u00e4ndisch Moos sch\u00fctzen effektiv die Mund- und Rachenschleimhaut und schmecken dabei fruchtig nach Kirsche.<\/p>\n","protected":false},"featured_media":14613,"template":"","meta":{"_acf_changed":false},"product_brand":[542],"product_cat":[823],"product_tag":[],"class_list":{"0":"post-14611","1":"product","2":"type-product","3":"status-publish","4":"has-post-thumbnail","6":"product_brand-isla","7":"product_cat-i","8":"pa_packungsgroesse-50-stueck","10":"first","11":"instock","12":"shipping-taxable","13":"purchasable","14":"product-type-simple"},"acf":[],"_links":{"self":[{"href":"https:\/\/www.ernstbrunn-apotheke.at\/katalog\/wp-json\/wp\/v2\/product\/14611","targetHints":{"allow":["GET"]}}],"collection":[{"href":"https:\/\/www.ernstbrunn-apotheke.at\/katalog\/wp-json\/wp\/v2\/product"}],"about":[{"href":"https:\/\/www.ernstbrunn-apotheke.at\/katalog\/wp-json\/wp\/v2\/types\/product"}],"wp:featuredmedia":[{"embeddable":true,"href":"https:\/\/www.ernstbrunn-apotheke.at\/katalog\/wp-json\/wp\/v2\/media\/14613"}],"wp:attachment":[{"href":"https:\/\/www.ernstbrunn-apotheke.at\/katalog\/wp-json\/wp\/v2\/media?parent=14611"}],"wp:term":[{"taxonomy":"product_brand","embeddable":true,"href":"https:\/\/www.ernstbrunn-apotheke.at\/katalog\/wp-json\/wp\/v2\/product_brand?post=14611"},{"taxonomy":"product_cat","embeddable":true,"href":"https:\/\/www.ernstbrunn-apotheke.at\/katalog\/wp-json\/wp\/v2\/product_cat?post=14611"},{"taxonomy":"product_tag","embeddable":true,"href":"https:\/\/www.ernstbrunn-apotheke.at\/katalog\/wp-json\/wp\/v2\/product_tag?post=14611"}],"curies":[{"name":"wp","href":"https:\/\/api.w.org\/{rel}","templated":true}]}}