{"id":14599,"date":"2025-11-07T17:52:33","date_gmt":"2025-11-07T16:52:33","guid":{"rendered":"https:\/\/www.ernstbrunn-apotheke.at\/katalog\/produkt\/emser-halsschmerz-spray-akut-30-ml\/"},"modified":"2025-12-08T13:48:15","modified_gmt":"2025-12-08T12:48:15","slug":"emser-halsschmerz-spray-akut-30-ml","status":"publish","type":"product","link":"https:\/\/www.ernstbrunn-apotheke.at\/katalog\/produkt\/emser-halsschmerz-spray-akut-30-ml\/","title":{"rendered":"EMSER Halsschmerz-Spray Akut 30 ml"},"content":{"rendered":"<p>Das EMS Halsschmerz-Spray akut unterst\u00fctzt durch den Einsatz nat\u00fcrlicher physikalischer Kr\u00e4fte die Linderung von Halsschmerzen und wirkt gegen Halsinfektionen. Dabei bedient es sich der osmotischen Eigenschaften seiner speziellen Rezeptur. Durch dessen Einsatz bildet sich ein Fl\u00fcssigkeitsstrom, der Viren und Bakterien aus dem Hals heraussp\u00fclt. Gleichzeitig legt sich das Spray wie ein Schutzfilm auf die gereizte Schleimhaut. Auf diese Weise k\u00f6nnen Halsinfektionen effektiv behandelt \u2013 und Halsschmerzen gelindert werden..<\/p>\n","protected":false},"excerpt":{"rendered":"<p>Das EMS Halsschmerz-Spray akut unterst\u00fctzt durch den Einsatz nat\u00fcrlicher physikalischer Kr\u00e4fte die Linderung von Halsschmerzen und wirkt gegen Halsinfektionen. Dabei bedient es sich der osmotischen Eigenschaften seiner speziellen Rezeptur. Durch dessen Einsatz bildet sich ein Fl\u00fcssigkeitsstrom, der Viren und Bakterien aus dem Hals heraussp\u00fclt. Gleichzeitig legt sich das Spray wie ein Schutzfilm auf die gereizte [&hellip;]<\/p>\n","protected":false},"featured_media":14601,"template":"","meta":{"_acf_changed":false},"product_brand":[540],"product_cat":[794],"product_tag":[],"class_list":{"0":"post-14599","1":"product","2":"type-product","3":"status-publish","4":"has-post-thumbnail","6":"product_brand-emser","7":"product_cat-e","8":"pa_packungsgroesse-30ml","10":"first","11":"instock","12":"shipping-taxable","13":"purchasable","14":"product-type-simple"},"acf":[],"_links":{"self":[{"href":"https:\/\/www.ernstbrunn-apotheke.at\/katalog\/wp-json\/wp\/v2\/product\/14599","targetHints":{"allow":["GET"]}}],"collection":[{"href":"https:\/\/www.ernstbrunn-apotheke.at\/katalog\/wp-json\/wp\/v2\/product"}],"about":[{"href":"https:\/\/www.ernstbrunn-apotheke.at\/katalog\/wp-json\/wp\/v2\/types\/product"}],"wp:featuredmedia":[{"embeddable":true,"href":"https:\/\/www.ernstbrunn-apotheke.at\/katalog\/wp-json\/wp\/v2\/media\/14601"}],"wp:attachment":[{"href":"https:\/\/www.ernstbrunn-apotheke.at\/katalog\/wp-json\/wp\/v2\/media?parent=14599"}],"wp:term":[{"taxonomy":"product_brand","embeddable":true,"href":"https:\/\/www.ernstbrunn-apotheke.at\/katalog\/wp-json\/wp\/v2\/product_brand?post=14599"},{"taxonomy":"product_cat","embeddable":true,"href":"https:\/\/www.ernstbrunn-apotheke.at\/katalog\/wp-json\/wp\/v2\/product_cat?post=14599"},{"taxonomy":"product_tag","embeddable":true,"href":"https:\/\/www.ernstbrunn-apotheke.at\/katalog\/wp-json\/wp\/v2\/product_tag?post=14599"}],"curies":[{"name":"wp","href":"https:\/\/api.w.org\/{rel}","templated":true}]}}